{"id":13,"date":"2020-08-11T09:08:49","date_gmt":"2020-08-11T09:08:49","guid":{"rendered":"https:\/\/mckunterbund.carina-kreiert.at\/?page_id=13"},"modified":"2021-02-15T12:30:06","modified_gmt":"2021-02-15T12:30:06","slug":"startseite","status":"publish","type":"page","link":"https:\/\/mckunterbunt.at\/","title":{"rendered":"Startseite"},"content":{"rendered":"<p>[et_pb_section fb_built=&#8220;1&#8243; disabled_on=&#8220;on|on|off&#8220; _builder_version=&#8220;4.5.4&#8243; _module_preset=&#8220;default&#8220; background_image=&#8220;https:\/\/mckunterbunt.at\/wp-content\/uploads\/2020\/09\/Kiki.jpg&#8220; background_size=&#8220;contain&#8220; background_position=&#8220;center_left&#8220; custom_padding=&#8220;160px||160px|||&#8220;][et_pb_row _builder_version=&#8220;4.5.4&#8243; _module_preset=&#8220;default&#8220;][et_pb_column type=&#8220;4_4&#8243; _builder_version=&#8220;4.5.4&#8243; _module_preset=&#8220;default&#8220;][et_pb_text _builder_version=&#8220;4.5.4&#8243; _module_preset=&#8220;default&#8220; header_text_color=&#8220;#4E847A&#8220; header_font_size=&#8220;60px&#8220;]<\/p>\n<h1 style=\"text-align: center;\">Mc Kunterbunt<\/h1>\n<p>[\/et_pb_text][et_pb_text _builder_version=&#8220;4.5.4&#8243; _module_preset=&#8220;default&#8220; header_2_font=&#8220;Parisienne||||||||&#8220; header_2_text_color=&#8220;#4E847A&#8220; header_2_font_size=&#8220;40px&#8220; custom_margin=&#8220;||26px|||&#8220;]<\/p>\n<h2 style=\"text-align: center;\">&#8211; more creativity<\/h2>\n<p>[\/et_pb_text][et_pb_text _builder_version=&#8220;4.6.6&#8243; _module_preset=&#8220;default&#8220; header_2_font=&#8220;Parisienne||||||||&#8220; header_2_text_color=&#8220;#4E847A&#8220; header_2_font_size=&#8220;30px&#8220;]<\/p>\n<h2 style=\"text-align: center;\">F\u00fcr Leser die das besondere lieben &#8230;<\/h2>\n<p>[\/et_pb_text][et_pb_text _builder_version=&#8220;4.6.6&#8243; _module_preset=&#8220;default&#8220; header_text_color=&#8220;#4E847A&#8220; header_font_size=&#8220;20px&#8220; hover_enabled=&#8220;0&#8243; header_font_size_tablet=&#8220;&#8220; header_font_size_phone=&#8220;16px&#8220; header_font_size_last_edited=&#8220;on|phone&#8220; sticky_enabled=&#8220;0&#8243;]<\/p>\n<h1 style=\"text-align: center;\">&#8211; Eigenverlag Irmgard &amp; Christoph Baum &#8211;<\/h1>\n<p>[\/et_pb_text][\/et_pb_column][\/et_pb_row][\/et_pb_section][et_pb_section fb_built=&#8220;1&#8243; disabled_on=&#8220;on|off|on&#8220; _builder_version=&#8220;4.5.4&#8243; _module_preset=&#8220;default&#8220; background_image=&#8220;https:\/\/mckunterbunt.at\/wp-content\/uploads\/2020\/09\/Kiki.jpg&#8220; background_position=&#8220;center_left&#8220; custom_margin=&#8220;0px|||||&#8220; custom_padding=&#8220;80px||80px|||&#8220;][et_pb_row _builder_version=&#8220;4.5.4&#8243; _module_preset=&#8220;default&#8220; custom_padding=&#8220;43px||21px|||&#8220;][et_pb_column type=&#8220;4_4&#8243; _builder_version=&#8220;4.5.4&#8243; _module_preset=&#8220;default&#8220;][et_pb_text _builder_version=&#8220;4.5.4&#8243; _module_preset=&#8220;default&#8220; header_text_color=&#8220;#4E847A&#8220; header_font_size=&#8220;45px&#8220; custom_margin=&#8220;||1px|||&#8220; header_font_tablet=&#8220;&#8220; header_font_phone=&#8220;&#8220; header_font_last_edited=&#8220;on|phone&#8220; header_font_size_tablet=&#8220;&#8220; header_font_size_phone=&#8220;28px&#8220; header_font_size_last_edited=&#8220;on|phone&#8220;]<\/p>\n<h1 style=\"text-align: center;\">Mc Kunterbunt<\/h1>\n<p>[\/et_pb_text][et_pb_text _builder_version=&#8220;4.5.4&#8243; _module_preset=&#8220;default&#8220; header_2_font=&#8220;Parisienne||||||||&#8220; header_2_text_color=&#8220;#4E847A&#8220; custom_margin=&#8220;||2px|||&#8220;]<\/p>\n<h2 style=\"text-align: center;\">&#8211; more creativity<\/h2>\n<p>[\/et_pb_text][et_pb_text _builder_version=&#8220;4.5.4&#8243; _module_preset=&#8220;default&#8220; header_2_font=&#8220;Parisienne||||||||&#8220; header_2_text_color=&#8220;#4E847A&#8220; header_2_font_size=&#8220;18px&#8220; custom_margin=&#8220;21px||3px|||&#8220;]<\/p>\n<h2 style=\"text-align: center;\">F\u00fcr Leser die das besondere lieben &#8230;<\/h2>\n<p>[\/et_pb_text][et_pb_text _builder_version=&#8220;4.5.4&#8243; _module_preset=&#8220;default&#8220; header_text_color=&#8220;#4E847A&#8220; header_font_size=&#8220;24px&#8220; header_font_size_tablet=&#8220;13px&#8220; header_font_size_phone=&#8220;8px&#8220; header_font_size_last_edited=&#8220;on|phone&#8220;]<\/p>\n<h1 style=\"text-align: center;\">&#8211; Eigenverlag Irmgard &amp; Christoph Baum &#8211;<\/h1>\n<p>[\/et_pb_text][\/et_pb_column][\/et_pb_row][\/et_pb_section][et_pb_section fb_built=&#8220;1&#8243; disabled_on=&#8220;off|on|on&#8220; _builder_version=&#8220;4.5.4&#8243; _module_preset=&#8220;default&#8220; background_image=&#8220;https:\/\/mckunterbunt.at\/wp-content\/uploads\/2020\/09\/Kiki.jpg&#8220; background_position=&#8220;bottom_left&#8220; custom_margin=&#8220;0px|||||&#8220; custom_padding=&#8220;5px||3px|||&#8220;][et_pb_row _builder_version=&#8220;4.5.4&#8243; _module_preset=&#8220;default&#8220; custom_padding=&#8220;43px||21px|||&#8220;][et_pb_column type=&#8220;4_4&#8243; _builder_version=&#8220;4.5.4&#8243; _module_preset=&#8220;default&#8220;][et_pb_text _builder_version=&#8220;4.5.4&#8243; _module_preset=&#8220;default&#8220; header_text_color=&#8220;#4E847A&#8220; header_font_size=&#8220;45px&#8220; custom_margin=&#8220;||1px|||&#8220; header_font_tablet=&#8220;&#8220; header_font_phone=&#8220;&#8220; header_font_last_edited=&#8220;on|phone&#8220; header_font_size_tablet=&#8220;&#8220; header_font_size_phone=&#8220;28px&#8220; header_font_size_last_edited=&#8220;on|phone&#8220;]<\/p>\n<h1 style=\"text-align: right;\">Mc Kunterbunt<\/h1>\n<p>[\/et_pb_text][et_pb_text _builder_version=&#8220;4.5.4&#8243; _module_preset=&#8220;default&#8220; header_2_font=&#8220;Parisienne||||||||&#8220; header_2_text_color=&#8220;#4E847A&#8220; custom_margin=&#8220;||2px|||&#8220; custom_padding=&#8220;||12px|||&#8220;]<\/p>\n<h2 style=\"text-align: right;\">&#8211; more creativity<\/h2>\n<p>[\/et_pb_text][et_pb_text _builder_version=&#8220;4.5.4&#8243; _module_preset=&#8220;default&#8220; header_2_font=&#8220;Parisienne||||||||&#8220; header_2_text_color=&#8220;#4E847A&#8220; header_2_font_size=&#8220;18px&#8220; custom_margin=&#8220;-6px||3px|||&#8220;]<\/p>\n<h2 style=\"text-align: right;\">F\u00fcr Leser die das besondere lieben &#8230;<\/h2>\n<p>[\/et_pb_text][et_pb_text _builder_version=&#8220;4.5.4&#8243; _module_preset=&#8220;default&#8220; header_2_font=&#8220;||||||||&#8220; header_2_text_color=&#8220;#4E847A&#8220; header_2_font_size=&#8220;13px&#8220; custom_margin=&#8220;21px||3px|||&#8220;]<\/p>\n<h2 style=\"text-align: right;\">Eigenverlag<\/h2>\n<h2 style=\"text-align: right;\">Irmgard &amp; Christoph Baum<\/h2>\n<p>[\/et_pb_text][\/et_pb_column][\/et_pb_row][\/et_pb_section][et_pb_section fb_built=&#8220;1&#8243; _builder_version=&#8220;4.5.4&#8243; _module_preset=&#8220;default&#8220; custom_padding=&#8220;38px|||||&#8220;][et_pb_row _builder_version=&#8220;4.5.4&#8243; _module_preset=&#8220;default&#8220; custom_padding=&#8220;4px|||||&#8220;][et_pb_column type=&#8220;4_4&#8243; _builder_version=&#8220;4.5.4&#8243; _module_preset=&#8220;default&#8220;][et_pb_text _builder_version=&#8220;4.5.4&#8243; _module_preset=&#8220;default&#8220; header_font_size_tablet=&#8220;&#8220; header_font_size_phone=&#8220;20px&#8220; header_font_size_last_edited=&#8220;on|phone&#8220;]<\/p>\n<h1><em>Wie alles begann &#8230;<\/em><\/h1>\n<p>[\/et_pb_text][et_pb_text _builder_version=&#8220;4.5.4&#8243; _module_preset=&#8220;default&#8220; text_text_color=&#8220;#000000&#8243;]<\/p>\n<p>Kunterbunt ist die Entstehungsgeschichte des au\u00dfergew\u00f6hnlichen Verlages Mc Kunterbunt.<br \/> Bei den Seminaren von Irmgard Baum zur Kreativit\u00e4tsf\u00f6rderung f\u00fcr Menschen im \u00f6ffentlichen wie im privaten Bildungsbereich, entstanden zur Unterst\u00fctzung der Teilnehmer, vorwiegend f\u00fcr P\u00e4dagogen im Kindergarten-, Hort- und schulischen Bereich, lern- und lehrunterst\u00fctzende Skripten &#8211; Zusammenfassungen der Kursinhalte.<\/p>\n<p>Das erste Buch im reformp\u00e4dagogischen Bereich mit dem Titel \u201eWege zum Licht\u201c hat Irmgard Baum aufgrund der Bitten von Lehrern, die \u00fcber das P\u00e4dagogische Institut Steiermark, sowie von Hort- und Kindergartenp\u00e4dagoginnen, die zu ihren Fortbildungskursen kamen, geschrieben.<\/p>\n<p>Im Laufe von \u00fcber drei Jahrzehnten reihte sich ein Fachbuch an das andere.<\/p>\n<p>Vor allem bedeutend in der wegweisenden reformp\u00e4dagogischen Literatur von Irmgard Baum gestalteten sich die Hinweise in den B\u00fcchern \u201eGes\u00fcnder Leben\u201c, \u201eHeilende Schwingungen\u201c und \u201e..es schmeckt doch\u2026\u201c auf die vernetzten Zusammenh\u00e4nge zwischen Ern\u00e4hrung und Psyche &#8211; wie sich die Biochemie des K\u00f6rpers auf die geistige Welt des Menschen, auf die Kondition, Konzentration und auf das Lernverhalten auswirkt.<\/p>\n<p>Um einen geistigen Ausgleich zwischen der Entstehung der Fachliteratur zu finden, gestaltete Irmgard Baum durch, ihre vielseitigen Begabungen Kunstb\u00fccher.<\/p>\n<p>Als Bewegungs- und Tanzlehrerin kreierte sie den MIDDLE EASTERN WOMAN DANCE als gesundheitsf\u00f6rdernde Bewegungsform f\u00fcr Frauen und M\u00e4dchen jeden Alters und verfasste als Leitfaden dazu entsprechend B\u00fccher zum Thema \u201eals Frau Freude an der Bewegung finden und dadurch das Leben genie\u00dfen!\u201c Mehr \u00fcber den MIDDLE EASTERN WOMAN DANCE finden Sie unter <a href=\"www.tanztraeume.at\"><span>www.tanztraeume.at<\/span><\/a>.<\/p>\n<p>Mit lyrischen Gedanken erweiterte Irmgard Baum in ihren Gedichten, Erz\u00e4hlungen und zauberhaften M\u00e4rchen das Repertoire des Eigenverlags Mc Kunterbunt &#8211; f\u00fcr Menschen die das Besondere lieben.<\/p>\n<p>In zarter Poesie klingen aus ihren Zeilen durch Worte geformte Bilder.<br \/> Aber Irmgard Baums Sprache hat auch kr\u00e4ftige Nuancen, dann wenn es gilt wachzur\u00fctteln.<\/p>\n<p>Der Leser blickt gleichsam in ein Spiegelbild, er kann in den Gedichten, M\u00e4rchen und Erz\u00e4hlungen Hoffnung und Erkenntnisse finden.<\/p>\n<p>Abrundung und Erg\u00e4nzung ihres Schaffens fand Irmgard Baum durch die jahrzehntelange Zusammenarbeit mit ihrer Freundin Elfriede Werthan, der gro\u00dfen steirischen Heimatdichterin.<\/p>\n<p>Seit dem Jahr 2009 verantwortet Diplomingenieur Christoph Baum nicht nur die kommerzielle Seite des Verlages Mc Kunterbunt.<\/p>\n<p>Er \u00fcberzeugt den Leser auch durch seine Fotoreportagen aus mystischen St\u00e4tten der Welt und durch seine philosophischen Texte in Geschenksb\u00e4nden davon, dass Literatur auch Vertrauen und Zuversicht mit auf den Lebensweg geben kann.<\/p>\n<p>[\/et_pb_text][\/et_pb_column][\/et_pb_row][\/et_pb_section]<\/p>\n","protected":false},"excerpt":{"rendered":"<p>[et_pb_section fb_built=&#8220;1&#8243; disabled_on=&#8220;on|on|off&#8220; _builder_version=&#8220;4.5.4&#8243; _module_preset=&#8220;default&#8220; background_image=&#8220;https:\/\/mckunterbunt.at\/wp-content\/uploads\/2020\/09\/Kiki.jpg&#8220; background_size=&#8220;contain&#8220; background_position=&#8220;center_left&#8220; custom_padding=&#8220;160px||160px|||&#8220;][et_pb_row _builder_version=&#8220;4.5.4&#8243; _module_preset=&#8220;default&#8220;][et_pb_column type=&#8220;4_4&#8243; _builder_version=&#8220;4.5.4&#8243; _module_preset=&#8220;default&#8220;][et_pb_text _builder_version=&#8220;4.5.4&#8243; _module_preset=&#8220;default&#8220; header_text_color=&#8220;#4E847A&#8220; header_font_size=&#8220;60px&#8220;] Mc Kunterbunt [\/et_pb_text][et_pb_text _builder_version=&#8220;4.5.4&#8243; _module_preset=&#8220;default&#8220; header_2_font=&#8220;Parisienne||||||||&#8220; header_2_text_color=&#8220;#4E847A&#8220; header_2_font_size=&#8220;40px&#8220; custom_margin=&#8220;||26px|||&#8220;] &#8211; more creativity [\/et_pb_text][et_pb_text _builder_version=&#8220;4.6.6&#8243; _module_preset=&#8220;default&#8220; header_2_font=&#8220;Parisienne||||||||&#8220; header_2_text_color=&#8220;#4E847A&#8220; header_2_font_size=&#8220;30px&#8220;] F\u00fcr Leser die das besondere lieben &#8230; [\/et_pb_text][et_pb_text _builder_version=&#8220;4.6.6&#8243; _module_preset=&#8220;default&#8220; header_text_color=&#8220;#4E847A&#8220; header_font_size=&#8220;20px&#8220; hover_enabled=&#8220;0&#8243; header_font_size_tablet=&#8220;&#8220; header_font_size_phone=&#8220;16px&#8220; header_font_size_last_edited=&#8220;on|phone&#8220; sticky_enabled=&#8220;0&#8243;] &#8211; Eigenverlag [&hellip;]<\/p>\n","protected":false},"author":1,"featured_media":0,"parent":0,"menu_order":0,"comment_status":"closed","ping_status":"closed","template":"","meta":{"_et_pb_use_builder":"on","_et_pb_old_content":"","_et_gb_content_width":""},"yoast_head":"<!-- This site is optimized with the Yoast SEO plugin v15.8 - https:\/\/yoast.com\/wordpress\/plugins\/seo\/ -->\n<title>Startseite - Mc Kunterbunt<\/title>\n<meta name=\"description\" content=\"Kunterbunt ist die Entstehungsgeschichte des au\u00dfergew\u00f6hnlichen Verlages Mc Kunterbunt.Bei den Seminaren von Irmgard Baum zur ...\" \/>\n<meta name=\"robots\" content=\"index, follow, max-snippet:-1, max-image-preview:large, max-video-preview:-1\" \/>\n<link rel=\"canonical\" href=\"https:\/\/mckunterbunt.at\/\" \/>\n<meta property=\"og:locale\" content=\"de_DE\" \/>\n<meta property=\"og:type\" content=\"article\" \/>\n<meta property=\"og:title\" content=\"Mc Kunterbunt\" \/>\n<meta property=\"og:description\" content=\"Kunterbunt ist die Entstehungsgeschichte des au\u00dfergew\u00f6hnlichen Verlages Mc Kunterbunt.Bei den Seminaren von Irmgard Baum zur Kreativit\u00e4tsf\u00f6rderung f\u00fcr Menschen im \u00f6ffentlichen wieim privaten Bildungsbereich, entstanden zur Unterst\u00fctzung der Teilnehmer, vorwiegend f\u00fcr P\u00e4dagogen m Kindergarten-, Hort- und schulischen Bereich, lern- und lehrunterst\u00fctzende Skripten -Zusammenfassungen der Kursinhalte.\" \/>\n<meta property=\"og:url\" content=\"https:\/\/mckunterbunt.at\/\" \/>\n<meta property=\"og:site_name\" content=\"Mc Kunterbunt\" \/>\n<meta property=\"article:modified_time\" content=\"2021-02-15T12:30:06+00:00\" \/>\n<meta name=\"twitter:card\" content=\"summary_large_image\" \/>\n<meta name=\"twitter:label1\" content=\"Gesch\u00e4tzte Lesezeit\">\n\t<meta name=\"twitter:data1\" content=\"6\u00a0Minuten\">\n<script type=\"application\/ld+json\" class=\"yoast-schema-graph\">{\"@context\":\"https:\/\/schema.org\",\"@graph\":[{\"@type\":\"WebSite\",\"@id\":\"https:\/\/mckunterbunt.at\/#website\",\"url\":\"https:\/\/mckunterbunt.at\/\",\"name\":\"Mc Kunterbunt\",\"description\":\"F\\u00fcr Leser die das besondere lieben\",\"potentialAction\":[{\"@type\":\"SearchAction\",\"target\":\"https:\/\/mckunterbunt.at\/?s={search_term_string}\",\"query-input\":\"required name=search_term_string\"}],\"inLanguage\":\"de\"},{\"@type\":\"WebPage\",\"@id\":\"https:\/\/mckunterbunt.at\/#webpage\",\"url\":\"https:\/\/mckunterbunt.at\/\",\"name\":\"Startseite - Mc Kunterbunt\",\"isPartOf\":{\"@id\":\"https:\/\/mckunterbunt.at\/#website\"},\"datePublished\":\"2020-08-11T09:08:49+00:00\",\"dateModified\":\"2021-02-15T12:30:06+00:00\",\"description\":\"Kunterbunt ist die Entstehungsgeschichte des au\\u00dfergew\\u00f6hnlichen Verlages Mc Kunterbunt.Bei den Seminaren von Irmgard Baum zur ...\",\"breadcrumb\":{\"@id\":\"https:\/\/mckunterbunt.at\/#breadcrumb\"},\"inLanguage\":\"de\",\"potentialAction\":[{\"@type\":\"ReadAction\",\"target\":[\"https:\/\/mckunterbunt.at\/\"]}]},{\"@type\":\"BreadcrumbList\",\"@id\":\"https:\/\/mckunterbunt.at\/#breadcrumb\",\"itemListElement\":[{\"@type\":\"ListItem\",\"position\":1,\"item\":{\"@type\":\"WebPage\",\"@id\":\"https:\/\/mckunterbunt.at\/\",\"url\":\"https:\/\/mckunterbunt.at\/\",\"name\":\"Startseite\"}},{\"@type\":\"ListItem\",\"position\":2,\"item\":{\"@type\":\"WebPage\",\"@id\":\"https:\/\/mckunterbunt.at\/\",\"url\":\"https:\/\/mckunterbunt.at\/\",\"name\":\"Startseite\"}}]}]}<\/script>\n<!-- \/ Yoast SEO plugin. -->","_links":{"self":[{"href":"https:\/\/mckunterbunt.at\/index.php\/wp-json\/wp\/v2\/pages\/13"}],"collection":[{"href":"https:\/\/mckunterbunt.at\/index.php\/wp-json\/wp\/v2\/pages"}],"about":[{"href":"https:\/\/mckunterbunt.at\/index.php\/wp-json\/wp\/v2\/types\/page"}],"author":[{"embeddable":true,"href":"https:\/\/mckunterbunt.at\/index.php\/wp-json\/wp\/v2\/users\/1"}],"replies":[{"embeddable":true,"href":"https:\/\/mckunterbunt.at\/index.php\/wp-json\/wp\/v2\/comments?post=13"}],"version-history":[{"count":42,"href":"https:\/\/mckunterbunt.at\/index.php\/wp-json\/wp\/v2\/pages\/13\/revisions"}],"predecessor-version":[{"id":835,"href":"https:\/\/mckunterbunt.at\/index.php\/wp-json\/wp\/v2\/pages\/13\/revisions\/835"}],"wp:attachment":[{"href":"https:\/\/mckunterbunt.at\/index.php\/wp-json\/wp\/v2\/media?parent=13"}],"curies":[{"name":"wp","href":"https:\/\/api.w.org\/{rel}","templated":true}]}}