{"id":145,"date":"2020-08-11T13:44:14","date_gmt":"2020-08-11T13:44:14","guid":{"rendered":"https:\/\/mckunterbunt.carina-kreiert.at\/?page_id=145"},"modified":"2020-08-11T14:17:53","modified_gmt":"2020-08-11T14:17:53","slug":"gesundheit-und-heilende-schwingung","status":"publish","type":"page","link":"https:\/\/mckunterbunt.at\/index.php\/gesundheit-und-heilende-schwingung\/","title":{"rendered":"Gesundheit und heilende Schwingung"},"content":{"rendered":"<p>[et_pb_section fb_built=&#8220;1&#8243; _builder_version=&#8220;4.5.4&#8243; _module_preset=&#8220;default&#8220;][et_pb_row _builder_version=&#8220;4.5.4&#8243; _module_preset=&#8220;default&#8220;][et_pb_column type=&#8220;4_4&#8243; _builder_version=&#8220;4.5.4&#8243; _module_preset=&#8220;default&#8220;][et_pb_text _builder_version=&#8220;4.5.4&#8243; _module_preset=&#8220;default&#8220; header_font=&#8220;Parisienne||||||||&#8220; header_text_color=&#8220;#4E847A&#8220; header_font_size=&#8220;40px&#8220; custom_margin=&#8220;||13px|||&#8220; header_font_size_tablet=&#8220;35px&#8220; header_font_size_phone=&#8220;&#8220; header_font_size_last_edited=&#8220;on|tablet&#8220;]<\/p>\n<h1 style=\"text-align: center;\">Gesundheit &amp; heilende Schwingung<\/h1>\n<p>[\/et_pb_text][\/et_pb_column][\/et_pb_row][et_pb_row column_structure=&#8220;2_5,3_5&#8243; _builder_version=&#8220;4.5.4&#8243; _module_preset=&#8220;default&#8220; custom_margin=&#8220;|auto|44px|auto||&#8220;][et_pb_column type=&#8220;2_5&#8243; _builder_version=&#8220;4.5.4&#8243; _module_preset=&#8220;default&#8220;][et_pb_image src=&#8220;https:\/\/mckunterbunt.at\/wp-content\/uploads\/2020\/08\/gesuender_leben.jpg&#8220; title_text=&#8220;gesuender_leben&#8220; align=&#8220;center&#8220; disabled_on=&#8220;on|on|off&#8220; _builder_version=&#8220;4.5.4&#8243; _module_preset=&#8220;default&#8220; width=&#8220;75%&#8220; width_tablet=&#8220;&#8220; width_phone=&#8220;56%&#8220; width_last_edited=&#8220;on|tablet&#8220; module_alignment=&#8220;center&#8220; box_shadow_style=&#8220;preset3&#8243;][\/et_pb_image][et_pb_image src=&#8220;https:\/\/mckunterbunt.at\/wp-content\/uploads\/2020\/08\/gesuender_leben.jpg&#8220; title_text=&#8220;gesuender_leben&#8220; align=&#8220;center&#8220; disabled_on=&#8220;off|off|on&#8220; _builder_version=&#8220;4.5.4&#8243; _module_preset=&#8220;default&#8220; width=&#8220;75%&#8220; width_tablet=&#8220;40%&#8220; width_phone=&#8220;56%&#8220; width_last_edited=&#8220;on|phone&#8220; module_alignment=&#8220;center&#8220; box_shadow_style=&#8220;preset3&#8243;][\/et_pb_image][\/et_pb_column][et_pb_column type=&#8220;3_5&#8243; _builder_version=&#8220;4.5.4&#8243; _module_preset=&#8220;default&#8220;][et_pb_text _builder_version=&#8220;4.5.4&#8243; _module_preset=&#8220;default&#8220; header_font=&#8220;||||||||&#8220; header_text_color=&#8220;#4E847A&#8220; custom_margin=&#8220;||13px|||&#8220; hover_enabled=&#8220;0&#8243; header_font_size_tablet=&#8220;35px&#8220; header_font_size_phone=&#8220;30px&#8220; header_font_size_last_edited=&#8220;on|tablet&#8220; header_font_size=&#8220;28px&#8220;]<\/p>\n<h1 style=\"text-align: center;\">Ges\u00fcnder leben<\/h1>\n<p>[\/et_pb_text][et_pb_text _builder_version=&#8220;4.5.4&#8243; _module_preset=&#8220;default&#8220; header_5_text_color=&#8220;#4E847A&#8220; header_5_line_height=&#8220;1.2em&#8220;]<\/p>\n<h5 style=\"text-align: center;\">Mehr als einhundert schmackhafte Rezepte, die das Licht in der Zelle st\u00e4rken<\/h5>\n<p>[\/et_pb_text][et_pb_divider color=&#8220;#4E847A&#8220; divider_weight=&#8220;1px&#8220; _builder_version=&#8220;4.5.4&#8243; _module_preset=&#8220;default&#8220; width=&#8220;13%&#8220; module_alignment=&#8220;center&#8220;][\/et_pb_divider][et_pb_text _builder_version=&#8220;4.5.4&#8243; _module_preset=&#8220;default&#8220;]<\/p>\n<p style=\"text-align: center;\">Jede Zeit hat ihre ganz besondere Vorliebe, nicht nur wenn es um die Zubereitung der Speisen geht.\u00a0<span style=\"font-size: 16px;\">Irmgard Baum gibt in diesem \u201eMehr als Kochbuch\u201c ihr 40-j\u00e4hriges Erfahrungswissen \u00fcber die Wechselwirkung von Ern\u00e4hrung und Psyche preis, sowie \u00fcber einhundert gesundheitsf\u00f6rdernde und im Weiterer schmackhafte vegan Kochrezepte.<\/span><\/p>\n<p>[\/et_pb_text][et_pb_text _builder_version=&#8220;4.5.4&#8243; _module_preset=&#8220;default&#8220; header_font=&#8220;Parisienne||||||||&#8220; header_5_font=&#8220;Parisienne||||||||&#8220; header_5_text_color=&#8220;#4E847A&#8220; header_5_font_size=&#8220;20px&#8220; header_5_line_height=&#8220;1.2em&#8220;]<\/p>\n<h5 style=\"text-align: center;\">Nat\u00fcrlich Lebensmittel<br \/>heilbringende Mikron\u00e4hrstoffe zur Gesunderhaltung von Gehirn- und Nervenzellen<\/h5>\n<p>[\/et_pb_text][et_pb_text _builder_version=&#8220;4.5.4&#8243; _module_preset=&#8220;default&#8220;]<\/p>\n<p style=\"text-align: center;\">Erweiterte Neuauflage 2015 &#8211; ISBN 978-3-902072<\/p>\n<p>[\/et_pb_text][\/et_pb_column][\/et_pb_row][et_pb_row column_structure=&#8220;2_5,3_5&#8243; _builder_version=&#8220;4.5.4&#8243; _module_preset=&#8220;default&#8220; custom_margin=&#8220;|auto|44px|auto||&#8220;][et_pb_column type=&#8220;2_5&#8243; _builder_version=&#8220;4.5.4&#8243; _module_preset=&#8220;default&#8220;][et_pb_image src=&#8220;https:\/\/mckunterbunt.at\/wp-content\/uploads\/2020\/08\/Buch_Geheimnis-aetherischer-oele.jpg&#8220; title_text=&#8220;Buch_Geheimnis-aetherischer-oele&#8220; align=&#8220;center&#8220; disabled_on=&#8220;on|on|off&#8220; _builder_version=&#8220;4.5.4&#8243; _module_preset=&#8220;default&#8220; width=&#8220;75%&#8220; width_tablet=&#8220;&#8220; width_phone=&#8220;56%&#8220; width_last_edited=&#8220;on|tablet&#8220; module_alignment=&#8220;center&#8220; box_shadow_style=&#8220;preset3&#8243;][\/et_pb_image][et_pb_image src=&#8220;https:\/\/mckunterbunt.at\/wp-content\/uploads\/2020\/08\/Buch_Geheimnis-aetherischer-oele.jpg&#8220; title_text=&#8220;Buch_Geheimnis-aetherischer-oele&#8220; align=&#8220;center&#8220; disabled_on=&#8220;off|off|on&#8220; _builder_version=&#8220;4.5.4&#8243; _module_preset=&#8220;default&#8220; width=&#8220;75%&#8220; width_tablet=&#8220;40%&#8220; width_phone=&#8220;56%&#8220; width_last_edited=&#8220;on|phone&#8220; module_alignment=&#8220;center&#8220; box_shadow_style=&#8220;preset3&#8243;][\/et_pb_image][\/et_pb_column][et_pb_column type=&#8220;3_5&#8243; _builder_version=&#8220;4.5.4&#8243; _module_preset=&#8220;default&#8220;][et_pb_text _builder_version=&#8220;4.5.4&#8243; _module_preset=&#8220;default&#8220; header_font=&#8220;||||||||&#8220; header_text_color=&#8220;#4E847A&#8220; header_line_height=&#8220;1.2em&#8220; custom_margin=&#8220;||13px|||&#8220; hover_enabled=&#8220;0&#8243; header_font_size_tablet=&#8220;35px&#8220; header_font_size_phone=&#8220;30px&#8220; header_font_size_last_edited=&#8220;on|tablet&#8220; header_font_size=&#8220;28px&#8220;]<\/p>\n<h1 style=\"text-align: center;\">Das Geheimnis \u00e4therischer \u00d6le, &#8230;<\/h1>\n<p>[\/et_pb_text][et_pb_text _builder_version=&#8220;4.5.4&#8243; _module_preset=&#8220;default&#8220; header_5_text_color=&#8220;#4E847A&#8220; header_5_line_height=&#8220;1.2em&#8220; hover_enabled=&#8220;0&#8243;]<\/p>\n<h5 style=\"text-align: center;\">&#8230; Parfums und heilbringender Edelsteine<\/h5>\n<p>[\/et_pb_text][et_pb_divider color=&#8220;#4E847A&#8220; divider_weight=&#8220;1px&#8220; _builder_version=&#8220;4.5.4&#8243; _module_preset=&#8220;default&#8220; width=&#8220;13%&#8220; module_alignment=&#8220;center&#8220;][\/et_pb_divider][et_pb_text _builder_version=&#8220;4.5.4&#8243; _module_preset=&#8220;default&#8220;]<\/p>\n<p style=\"text-align: center;\">Die Mitwelt sch\u00fctzen statt ausbeuten. Dankbar die Gaben der Natur n\u00fctzen.\u00a0<span style=\"font-size: 16px;\">Mit dem Herzen h\u00f6ren\u00a0<\/span><span style=\"font-size: 16px;\">Beitrag zum Frieden \u2013 vielf\u00e4ltig praktisch anwendbare Anregungen und Rezepturen erweitern Einblicke in ein kosmisch-friedvolles Leben im Einklang mit der Mutter Erde. Das Geheimnis \u00e4therischer \u00d6le, Parfums und heilbringender Edelsteine, nach alten \u00dcberlieferungen erfahren, inspiriert und verzaubert.<\/span><\/p>\n<p>[\/et_pb_text][et_pb_text _builder_version=&#8220;4.5.4&#8243; _module_preset=&#8220;default&#8220;]<\/p>\n<p style=\"text-align: center;\">Erschien 2013 &#8211; ISBN 978-3-902072-07-5<\/p>\n<p>[\/et_pb_text][\/et_pb_column][\/et_pb_row][et_pb_row column_structure=&#8220;2_5,3_5&#8243; _builder_version=&#8220;4.5.4&#8243; _module_preset=&#8220;default&#8220; custom_margin=&#8220;|auto|44px|auto||&#8220;][et_pb_column type=&#8220;2_5&#8243; _builder_version=&#8220;4.5.4&#8243; _module_preset=&#8220;default&#8220;][et_pb_image src=&#8220;https:\/\/mckunterbunt.at\/wp-content\/uploads\/2020\/08\/Buch_heilendeschwingungen.jpg&#8220; title_text=&#8220;Buch_heilendeschwingungen&#8220; align=&#8220;center&#8220; disabled_on=&#8220;on|on|off&#8220; _builder_version=&#8220;4.5.4&#8243; _module_preset=&#8220;default&#8220; width=&#8220;75%&#8220; width_tablet=&#8220;&#8220; width_phone=&#8220;56%&#8220; width_last_edited=&#8220;on|tablet&#8220; module_alignment=&#8220;center&#8220; box_shadow_style=&#8220;preset3&#8243;][\/et_pb_image][et_pb_image src=&#8220;https:\/\/mckunterbunt.at\/wp-content\/uploads\/2020\/08\/Buch_heilendeschwingungen.jpg&#8220; title_text=&#8220;Buch_heilendeschwingungen&#8220; align=&#8220;center&#8220; disabled_on=&#8220;off|off|on&#8220; _builder_version=&#8220;4.5.4&#8243; _module_preset=&#8220;default&#8220; width=&#8220;75%&#8220; width_tablet=&#8220;40%&#8220; width_phone=&#8220;56%&#8220; width_last_edited=&#8220;on|phone&#8220; module_alignment=&#8220;center&#8220; box_shadow_style=&#8220;preset3&#8243;][\/et_pb_image][\/et_pb_column][et_pb_column type=&#8220;3_5&#8243; _builder_version=&#8220;4.5.4&#8243; _module_preset=&#8220;default&#8220;][et_pb_text _builder_version=&#8220;4.5.4&#8243; _module_preset=&#8220;default&#8220; header_font=&#8220;||||||||&#8220; header_text_color=&#8220;#4E847A&#8220; custom_margin=&#8220;||13px|||&#8220; hover_enabled=&#8220;0&#8243; header_font_size_tablet=&#8220;35px&#8220; header_font_size_phone=&#8220;30px&#8220; header_font_size_last_edited=&#8220;on|tablet&#8220; header_font_size=&#8220;28px&#8220;]<\/p>\n<h1 style=\"text-align: center;\">Heilende Schwingungen<\/h1>\n<p>[\/et_pb_text][et_pb_text _builder_version=&#8220;4.5.4&#8243; _module_preset=&#8220;default&#8220; header_5_text_color=&#8220;#4E847A&#8220; header_5_line_height=&#8220;1.2em&#8220;]<\/p>\n<h5 style=\"text-align: center;\">Hausapotheke f\u00fcr K\u00f6rper Geist und Seele<\/h5>\n<p>[\/et_pb_text][et_pb_divider color=&#8220;#4E847A&#8220; divider_weight=&#8220;1px&#8220; _builder_version=&#8220;4.5.4&#8243; _module_preset=&#8220;default&#8220; width=&#8220;13%&#8220; module_alignment=&#8220;center&#8220;][\/et_pb_divider][et_pb_text _builder_version=&#8220;4.5.4&#8243; _module_preset=&#8220;default&#8220;]<\/p>\n<p style=\"text-align: center;\">\u00a0Dieses Nachschlagwerk \u00fcber die Vielf\u00e4ltigkeit der heilenden Schwingungen aus der Natur, Hom\u00f6opathie, Heilkr\u00e4uter, Sch\u00fcssler-Salze, Bl\u00fctenessenzen, Edelstein- und Farbtherapie und vieles mehr sollte in jeder Hausapotheke, vor allem zum Wohle der Kinder und Jugendlichen, bereitliegen. Das Verstehen der geistigen Zusammenh\u00e4nge entstehender und vorhandener Krankheiten und hilfreiche Auswege der Psychohygiene und Medizin bilden die Basis zur Gesundung.<\/p>\n<p>[\/et_pb_text][et_pb_text _builder_version=&#8220;4.5.4&#8243; _module_preset=&#8220;default&#8220;]<\/p>\n<p style=\"text-align: center;\">ISBN 3-902072-02-4<\/p>\n<p>[\/et_pb_text][\/et_pb_column][\/et_pb_row][et_pb_row column_structure=&#8220;2_5,3_5&#8243; _builder_version=&#8220;4.5.4&#8243; _module_preset=&#8220;default&#8220;][et_pb_column type=&#8220;2_5&#8243; _builder_version=&#8220;4.5.4&#8243; _module_preset=&#8220;default&#8220;][et_pb_image src=&#8220;https:\/\/mckunterbunt.at\/wp-content\/uploads\/2020\/08\/buch_vorsorge_380.jpg&#8220; title_text=&#8220;buch_vorsorge_380&#8243; align=&#8220;center&#8220; disabled_on=&#8220;on|on|off&#8220; _builder_version=&#8220;4.5.4&#8243; _module_preset=&#8220;default&#8220; width=&#8220;75%&#8220; width_tablet=&#8220;&#8220; width_phone=&#8220;56%&#8220; width_last_edited=&#8220;on|tablet&#8220; module_alignment=&#8220;center&#8220; box_shadow_style=&#8220;preset3&#8243;][\/et_pb_image][et_pb_image src=&#8220;https:\/\/mckunterbunt.at\/wp-content\/uploads\/2020\/08\/buch_vorsorge_380.jpg&#8220; title_text=&#8220;buch_vorsorge_380&#8243; align=&#8220;center&#8220; disabled_on=&#8220;off|off|on&#8220; _builder_version=&#8220;4.5.4&#8243; _module_preset=&#8220;default&#8220; width=&#8220;75%&#8220; width_tablet=&#8220;40%&#8220; width_phone=&#8220;56%&#8220; width_last_edited=&#8220;on|phone&#8220; module_alignment=&#8220;center&#8220; box_shadow_style=&#8220;preset3&#8243;][\/et_pb_image][\/et_pb_column][et_pb_column type=&#8220;3_5&#8243; _builder_version=&#8220;4.5.4&#8243; _module_preset=&#8220;default&#8220;][et_pb_text _builder_version=&#8220;4.5.4&#8243; _module_preset=&#8220;default&#8220; header_font=&#8220;||||||||&#8220; header_text_color=&#8220;#4E847A&#8220; custom_margin=&#8220;||13px|||&#8220; hover_enabled=&#8220;0&#8243; header_font_size_tablet=&#8220;35px&#8220; header_font_size_phone=&#8220;30px&#8220; header_font_size_last_edited=&#8220;on|tablet&#8220; header_font_size=&#8220;28px&#8220;]<\/p>\n<h1 style=\"text-align: center;\">COSMOLIGHT Vorsorge<\/h1>\n<p>[\/et_pb_text][et_pb_text _builder_version=&#8220;4.5.4&#8243; _module_preset=&#8220;default&#8220; header_5_text_color=&#8220;#4E847A&#8220; header_5_line_height=&#8220;1.2em&#8220;]<\/p>\n<h5 style=\"text-align: center;\">Biologische Mikron\u00e4hrstoffspezialit\u00e4ten zur Unterst\u00fctzung der Gesundheit in weltweiten Krisenzeiten<\/h5>\n<p>[\/et_pb_text][et_pb_divider color=&#8220;#4E847A&#8220; divider_weight=&#8220;1px&#8220; _builder_version=&#8220;4.5.4&#8243; _module_preset=&#8220;default&#8220; width=&#8220;13%&#8220; module_alignment=&#8220;center&#8220;][\/et_pb_divider][et_pb_text _builder_version=&#8220;4.5.4&#8243; _module_preset=&#8220;default&#8220; hover_enabled=&#8220;0&#8243;]<\/p>\n<p style=\"text-align: center;\">Begleitendes Skriptum aus dem COSMOLIGHT Mikron\u00e4hrstoffkolleg zum Thema Vorsorge in gesundheitsbedrohenden Krisenzeiten.\u00a0<span style=\"font-size: 16px;\">Die im Buch angegebenen Empfehlungen sind nicht determiniert zu sehen oder mit Gesch\u00e4ftemacherei zu verwechseln. Die authentische Angabe der Inhaltsstoffe besagt, dass nicht nur die ausgezeichneten Mikron\u00e4hrstoffe von COSMOLIGHT sch\u00fctzend und heilwirksam sind, sondern dass \u00e4hnlich empfehlenswerte Mikron\u00e4hrstoffe auch von anderen Erzeugern auf dem Weltmarkt angeboten werden. Entscheidend f\u00fcr die gesundheitsunterst\u00fctzende Wirkung ist die biovertr\u00e4gliche Rezeptur.<\/span><\/p>\n<p>[\/et_pb_text][\/et_pb_column][\/et_pb_row][et_pb_row _builder_version=&#8220;4.5.4&#8243; _module_preset=&#8220;default&#8220;][et_pb_column type=&#8220;4_4&#8243; _builder_version=&#8220;4.5.4&#8243; _module_preset=&#8220;default&#8220;][et_pb_text _builder_version=&#8220;4.5.4&#8243; _module_preset=&#8220;default&#8220;]<\/p>\n<p style=\"text-align: center;\">Die genauestens aufeinander abgestimmten Mikron\u00e4hrstoffspezialit\u00e4ten garantieren jene Biovertr\u00e4glichkeit, die es dem K\u00f6rper m\u00f6glich macht, die heilbringenden Kr\u00e4fte der Natur aus den Pflanzen, dem Gem\u00fcse, den Fetten und \u00d6len sowie aus der Welt der Mineralstoffe usw. optimal zu verwerten.<\/p>\n<p style=\"text-align: center;\">Es ist f\u00fcr alle Verantwortlichen klar, dass es an der Zeit ist, dem wirtschaftlichen Konkurrenzdenke keinen Platz mehr einzur\u00e4umen. Im Vordergrund stehen heute und auch weiterhin menschliche Werte, diese zu erkennen und zu leben, um dem Hunger in der Welt ein Ende zu setzen (zur Zeit stirbt jede Sekunde ein Kind) und um das Leben auf dieser Erde f\u00fcr alle Menschen lebenswert zu gestalten. Solidarit\u00e4t &#8211; F\u00fcreinander Sorge tragen &#8211; Teilen Das Bewusstsein wecken es ist Platz f\u00fcr alle Menschen unter der Sonne.<\/p>\n<p>[\/et_pb_text][et_pb_text _builder_version=&#8220;4.5.4&#8243; _module_preset=&#8220;default&#8220;]<\/p>\n<p style=\"text-align: center;\">Erweiterte Neuauflage 2015 &#8211; ISBN 978-3-902072<\/p>\n<p>[\/et_pb_text][\/et_pb_column][\/et_pb_row][\/et_pb_section]<\/p>\n","protected":false},"excerpt":{"rendered":"<p>[et_pb_section fb_built=&#8220;1&#8243; _builder_version=&#8220;4.5.4&#8243; _module_preset=&#8220;default&#8220;][et_pb_row _builder_version=&#8220;4.5.4&#8243; _module_preset=&#8220;default&#8220;][et_pb_column type=&#8220;4_4&#8243; _builder_version=&#8220;4.5.4&#8243; _module_preset=&#8220;default&#8220;][et_pb_text _builder_version=&#8220;4.5.4&#8243; _module_preset=&#8220;default&#8220; header_font=&#8220;Parisienne||||||||&#8220; header_text_color=&#8220;#4E847A&#8220; header_font_size=&#8220;40px&#8220; custom_margin=&#8220;||13px|||&#8220; header_font_size_tablet=&#8220;35px&#8220; header_font_size_phone=&#8220;&#8220; header_font_size_last_edited=&#8220;on|tablet&#8220;] Gesundheit &amp; heilende Schwingung [\/et_pb_text][\/et_pb_column][\/et_pb_row][et_pb_row column_structure=&#8220;2_5,3_5&#8243; _builder_version=&#8220;4.5.4&#8243; _module_preset=&#8220;default&#8220; custom_margin=&#8220;|auto|44px|auto||&#8220;][et_pb_column type=&#8220;2_5&#8243; _builder_version=&#8220;4.5.4&#8243; _module_preset=&#8220;default&#8220;][et_pb_image src=&#8220;https:\/\/mckunterbunt.at\/wp-content\/uploads\/2020\/08\/gesuender_leben.jpg&#8220; title_text=&#8220;gesuender_leben&#8220; align=&#8220;center&#8220; disabled_on=&#8220;on|on|off&#8220; _builder_version=&#8220;4.5.4&#8243; _module_preset=&#8220;default&#8220; width=&#8220;75%&#8220; width_tablet=&#8220;&#8220; width_phone=&#8220;56%&#8220; width_last_edited=&#8220;on|tablet&#8220; module_alignment=&#8220;center&#8220; box_shadow_style=&#8220;preset3&#8243;][\/et_pb_image][et_pb_image src=&#8220;https:\/\/mckunterbunt.at\/wp-content\/uploads\/2020\/08\/gesuender_leben.jpg&#8220; title_text=&#8220;gesuender_leben&#8220; align=&#8220;center&#8220; disabled_on=&#8220;off|off|on&#8220; _builder_version=&#8220;4.5.4&#8243; _module_preset=&#8220;default&#8220; width=&#8220;75%&#8220; width_tablet=&#8220;40%&#8220; width_phone=&#8220;56%&#8220; width_last_edited=&#8220;on|phone&#8220; module_alignment=&#8220;center&#8220; box_shadow_style=&#8220;preset3&#8243;][\/et_pb_image][\/et_pb_column][et_pb_column type=&#8220;3_5&#8243; [&hellip;]<\/p>\n","protected":false},"author":1,"featured_media":0,"parent":0,"menu_order":0,"comment_status":"closed","ping_status":"closed","template":"","meta":{"_et_pb_use_builder":"on","_et_pb_old_content":"","_et_gb_content_width":""},"yoast_head":"<!-- This site is optimized with the Yoast SEO plugin v15.8 - https:\/\/yoast.com\/wordpress\/plugins\/seo\/ -->\n<title>Gesundheit und heilende Schwingung - Mc Kunterbunt<\/title>\n<meta name=\"robots\" content=\"index, follow, max-snippet:-1, max-image-preview:large, max-video-preview:-1\" \/>\n<link rel=\"canonical\" href=\"https:\/\/mckunterbunt.at\/index.php\/gesundheit-und-heilende-schwingung\/\" \/>\n<meta property=\"og:locale\" content=\"de_DE\" \/>\n<meta property=\"og:type\" content=\"article\" \/>\n<meta property=\"og:title\" content=\"Gesundheit und heilende Schwingung - Mc Kunterbunt\" \/>\n<meta property=\"og:description\" content=\"[et_pb_section fb_built=&#8220;1&#8243; _builder_version=&#8220;4.5.4&#8243; _module_preset=&#8220;default&#8220;][et_pb_row _builder_version=&#8220;4.5.4&#8243; _module_preset=&#8220;default&#8220;][et_pb_column type=&#8220;4_4&#8243; _builder_version=&#8220;4.5.4&#8243; _module_preset=&#8220;default&#8220;][et_pb_text _builder_version=&#8220;4.5.4&#8243; _module_preset=&#8220;default&#8220; header_font=&#8220;Parisienne||||||||&#8220; header_text_color=&#8220;#4E847A&#8220; header_font_size=&#8220;40px&#8220; custom_margin=&#8220;||13px|||&#8220; header_font_size_tablet=&#8220;35px&#8220; header_font_size_phone=&#8220;&#8220; header_font_size_last_edited=&#8220;on|tablet&#8220;] Gesundheit &amp; heilende Schwingung [\/et_pb_text][\/et_pb_column][\/et_pb_row][et_pb_row column_structure=&#8220;2_5,3_5&#8243; _builder_version=&#8220;4.5.4&#8243; _module_preset=&#8220;default&#8220; custom_margin=&#8220;|auto|44px|auto||&#8220;][et_pb_column type=&#8220;2_5&#8243; _builder_version=&#8220;4.5.4&#8243; _module_preset=&#8220;default&#8220;][et_pb_image src=&#8220;https:\/\/mckunterbunt.at\/wp-content\/uploads\/2020\/08\/gesuender_leben.jpg&#8220; title_text=&#8220;gesuender_leben&#8220; align=&#8220;center&#8220; disabled_on=&#8220;on|on|off&#8220; _builder_version=&#8220;4.5.4&#8243; _module_preset=&#8220;default&#8220; width=&#8220;75%&#8220; width_tablet=&#8220;&#8220; width_phone=&#8220;56%&#8220; width_last_edited=&#8220;on|tablet&#8220; module_alignment=&#8220;center&#8220; box_shadow_style=&#8220;preset3&#8243;][\/et_pb_image][et_pb_image src=&#8220;https:\/\/mckunterbunt.at\/wp-content\/uploads\/2020\/08\/gesuender_leben.jpg&#8220; title_text=&#8220;gesuender_leben&#8220; align=&#8220;center&#8220; disabled_on=&#8220;off|off|on&#8220; _builder_version=&#8220;4.5.4&#8243; _module_preset=&#8220;default&#8220; width=&#8220;75%&#8220; width_tablet=&#8220;40%&#8220; width_phone=&#8220;56%&#8220; width_last_edited=&#8220;on|phone&#8220; module_alignment=&#8220;center&#8220; box_shadow_style=&#8220;preset3&#8243;][\/et_pb_image][\/et_pb_column][et_pb_column type=&#8220;3_5&#8243; [&hellip;]\" \/>\n<meta property=\"og:url\" content=\"https:\/\/mckunterbunt.at\/index.php\/gesundheit-und-heilende-schwingung\/\" \/>\n<meta property=\"og:site_name\" content=\"Mc Kunterbunt\" \/>\n<meta property=\"article:modified_time\" content=\"2020-08-11T14:17:53+00:00\" \/>\n<meta name=\"twitter:card\" content=\"summary_large_image\" \/>\n<meta name=\"twitter:label1\" content=\"Gesch\u00e4tzte Lesezeit\">\n\t<meta name=\"twitter:data1\" content=\"8\u00a0Minuten\">\n<script type=\"application\/ld+json\" class=\"yoast-schema-graph\">{\"@context\":\"https:\/\/schema.org\",\"@graph\":[{\"@type\":\"WebSite\",\"@id\":\"https:\/\/mckunterbunt.at\/#website\",\"url\":\"https:\/\/mckunterbunt.at\/\",\"name\":\"Mc Kunterbunt\",\"description\":\"F\\u00fcr Leser die das besondere lieben\",\"potentialAction\":[{\"@type\":\"SearchAction\",\"target\":\"https:\/\/mckunterbunt.at\/?s={search_term_string}\",\"query-input\":\"required name=search_term_string\"}],\"inLanguage\":\"de\"},{\"@type\":\"WebPage\",\"@id\":\"https:\/\/mckunterbunt.at\/index.php\/gesundheit-und-heilende-schwingung\/#webpage\",\"url\":\"https:\/\/mckunterbunt.at\/index.php\/gesundheit-und-heilende-schwingung\/\",\"name\":\"Gesundheit und heilende Schwingung - Mc Kunterbunt\",\"isPartOf\":{\"@id\":\"https:\/\/mckunterbunt.at\/#website\"},\"datePublished\":\"2020-08-11T13:44:14+00:00\",\"dateModified\":\"2020-08-11T14:17:53+00:00\",\"breadcrumb\":{\"@id\":\"https:\/\/mckunterbunt.at\/index.php\/gesundheit-und-heilende-schwingung\/#breadcrumb\"},\"inLanguage\":\"de\",\"potentialAction\":[{\"@type\":\"ReadAction\",\"target\":[\"https:\/\/mckunterbunt.at\/index.php\/gesundheit-und-heilende-schwingung\/\"]}]},{\"@type\":\"BreadcrumbList\",\"@id\":\"https:\/\/mckunterbunt.at\/index.php\/gesundheit-und-heilende-schwingung\/#breadcrumb\",\"itemListElement\":[{\"@type\":\"ListItem\",\"position\":1,\"item\":{\"@type\":\"WebPage\",\"@id\":\"https:\/\/mckunterbunt.at\/\",\"url\":\"https:\/\/mckunterbunt.at\/\",\"name\":\"Startseite\"}},{\"@type\":\"ListItem\",\"position\":2,\"item\":{\"@type\":\"WebPage\",\"@id\":\"https:\/\/mckunterbunt.at\/index.php\/gesundheit-und-heilende-schwingung\/\",\"url\":\"https:\/\/mckunterbunt.at\/index.php\/gesundheit-und-heilende-schwingung\/\",\"name\":\"Gesundheit und heilende Schwingung\"}}]}]}<\/script>\n<!-- \/ Yoast SEO plugin. -->","_links":{"self":[{"href":"https:\/\/mckunterbunt.at\/index.php\/wp-json\/wp\/v2\/pages\/145"}],"collection":[{"href":"https:\/\/mckunterbunt.at\/index.php\/wp-json\/wp\/v2\/pages"}],"about":[{"href":"https:\/\/mckunterbunt.at\/index.php\/wp-json\/wp\/v2\/types\/page"}],"author":[{"embeddable":true,"href":"https:\/\/mckunterbunt.at\/index.php\/wp-json\/wp\/v2\/users\/1"}],"replies":[{"embeddable":true,"href":"https:\/\/mckunterbunt.at\/index.php\/wp-json\/wp\/v2\/comments?post=145"}],"version-history":[{"count":9,"href":"https:\/\/mckunterbunt.at\/index.php\/wp-json\/wp\/v2\/pages\/145\/revisions"}],"predecessor-version":[{"id":172,"href":"https:\/\/mckunterbunt.at\/index.php\/wp-json\/wp\/v2\/pages\/145\/revisions\/172"}],"wp:attachment":[{"href":"https:\/\/mckunterbunt.at\/index.php\/wp-json\/wp\/v2\/media?parent=145"}],"curies":[{"name":"wp","href":"https:\/\/api.w.org\/{rel}","templated":true}]}}