{"id":19,"date":"2020-08-11T09:09:28","date_gmt":"2020-08-11T09:09:28","guid":{"rendered":"https:\/\/mckunterbund.carina-kreiert.at\/?page_id=19"},"modified":"2020-09-01T16:08:17","modified_gmt":"2020-09-01T16:08:17","slug":"kunstmalerei","status":"publish","type":"page","link":"https:\/\/mckunterbunt.at\/index.php\/kunstmalerei\/","title":{"rendered":"Kunstmalerei"},"content":{"rendered":"<p>[et_pb_section fb_built=&#8220;1&#8243; _builder_version=&#8220;4.5.4&#8243; _module_preset=&#8220;default&#8220;][et_pb_row _builder_version=&#8220;4.5.4&#8243; _module_preset=&#8220;default&#8220;][et_pb_column type=&#8220;4_4&#8243; _builder_version=&#8220;4.5.4&#8243; _module_preset=&#8220;default&#8220;][et_pb_text _builder_version=&#8220;4.5.4&#8243; _module_preset=&#8220;default&#8220; header_font=&#8220;Parisienne||||||||&#8220; header_text_color=&#8220;#4E847A&#8220; header_font_size=&#8220;40px&#8220; custom_margin=&#8220;||13px|||&#8220; header_font_size_tablet=&#8220;35px&#8220; header_font_size_phone=&#8220;&#8220; header_font_size_last_edited=&#8220;on|tablet&#8220;]<\/p>\n<h1 style=\"text-align: center;\">Irmgard Baum, Malerin<\/h1>\n<p>[\/et_pb_text][\/et_pb_column][\/et_pb_row][et_pb_row column_structure=&#8220;2_5,3_5&#8243; _builder_version=&#8220;4.5.4&#8243; _module_preset=&#8220;default&#8220;][et_pb_column type=&#8220;2_5&#8243; _builder_version=&#8220;4.5.4&#8243; _module_preset=&#8220;default&#8220;][et_pb_image src=&#8220;https:\/\/mckunterbunt.at\/wp-content\/uploads\/2020\/08\/IBaum.jpeg&#8220; title_text=&#8220;IBaum&#8220; align=&#8220;right&#8220; _builder_version=&#8220;4.5.4&#8243; _module_preset=&#8220;default&#8220; hover_enabled=&#8220;0&#8243; box_shadow_style=&#8220;preset3&#8243;][\/et_pb_image][\/et_pb_column][et_pb_column type=&#8220;3_5&#8243; _builder_version=&#8220;4.5.4&#8243; _module_preset=&#8220;default&#8220;][et_pb_text _builder_version=&#8220;4.5.4&#8243; _module_preset=&#8220;default&#8220;]<\/p>\n<p>In der Steiermark geboren und aufgewachsten, verbrachte Irmgard Baum einige Zeit ihres Lebens in verschiedenen Kulturkreisen.<\/p>\n<p>Als Therapeutin, Gr\u00fcnderin des MIDDLE EASTERN WOMAN DANCE und Malerin versteht sie es, Menschliches und K\u00fcnstlerisches zu einer wunderbaren<br \/> Einheit zu verbinden.<\/p>\n<p>So mi\u00dft sie auch den kreativ-sch\u00f6pferischen Kr\u00e4ften im Leben jedes Menschen einen wichtigen Stellenwert bei.<\/p>\n<p>Nach kurzer Studienzeit fand sie sehr bald zu einer eigenst\u00e4ndigen Bildsprache. In ihrer Entwicklung als Malerin verfolgte sie stets einen klaren Weg, geleitet von den inneren sch\u00f6pferischen Kr\u00e4ften sowie der Natur als Lehrmeister.<\/p>\n<p>[\/et_pb_text][\/et_pb_column][\/et_pb_row][et_pb_row _builder_version=&#8220;4.5.4&#8243; _module_preset=&#8220;default&#8220; custom_margin=&#8220;-35px|auto||auto||&#8220;][et_pb_column type=&#8220;4_4&#8243; _builder_version=&#8220;4.5.4&#8243; _module_preset=&#8220;default&#8220;][et_pb_text _builder_version=&#8220;4.5.4&#8243; _module_preset=&#8220;default&#8220;]<\/p>\n<p><span style=\"font-size: 16px;\">So spiegeln ihre Bilder in ihrer Leidenschaft und Explosivit\u00e4t ebenso wie in ihrer Sanftheit und bedingungslosen Liebe zur Sch\u00f6pfung stets<\/span><\/p>\n<p>das Unendliche der Kontraste zwischen Harmonie und Chaos, zwischen Form und Formlosen.<\/p>\n<p>Ausstellungen seit \u00fcber 25 Jahren in \u00d6sterreich, Deutschland, Belgien, den Niederlanden und den USA.<\/p>\n<p>[\/et_pb_text][\/et_pb_column][\/et_pb_row][et_pb_row column_structure=&#8220;1_4,1_4,1_4,1_4&#8243; _builder_version=&#8220;4.5.4&#8243; _module_preset=&#8220;default&#8220;][et_pb_column type=&#8220;1_4&#8243; _builder_version=&#8220;4.5.4&#8243; _module_preset=&#8220;default&#8220;][et_pb_image src=&#8220;https:\/\/mckunterbunt.at\/wp-content\/uploads\/2020\/08\/Bild-1.jpg&#8220; title_text=&#8220;Bild-1&#8243; _builder_version=&#8220;4.5.4&#8243; _module_preset=&#8220;default&#8220; box_shadow_style=&#8220;preset3&#8243;][\/et_pb_image][et_pb_image src=&#8220;https:\/\/mckunterbunt.at\/wp-content\/uploads\/2020\/08\/Bild-9.jpg&#8220; title_text=&#8220;Bild-9&#8243; _builder_version=&#8220;4.5.4&#8243; _module_preset=&#8220;default&#8220; box_shadow_style=&#8220;preset3&#8243;][\/et_pb_image][et_pb_image src=&#8220;https:\/\/mckunterbunt.at\/wp-content\/uploads\/2020\/08\/Bild-3.jpg&#8220; title_text=&#8220;Bild-3&#8243; _builder_version=&#8220;4.5.4&#8243; _module_preset=&#8220;default&#8220; box_shadow_style=&#8220;preset3&#8243;][\/et_pb_image][et_pb_image src=&#8220;https:\/\/mckunterbunt.at\/wp-content\/uploads\/2020\/08\/Bild-23.jpg&#8220; title_text=&#8220;Bild-23&#8243; _builder_version=&#8220;4.5.4&#8243; _module_preset=&#8220;default&#8220; box_shadow_style=&#8220;preset3&#8243;][\/et_pb_image][et_pb_image src=&#8220;https:\/\/mckunterbunt.at\/wp-content\/uploads\/2020\/08\/Bild-22.jpg&#8220; title_text=&#8220;Bild-22&#8243; _builder_version=&#8220;4.5.4&#8243; _module_preset=&#8220;default&#8220; box_shadow_style=&#8220;preset3&#8243;][\/et_pb_image][\/et_pb_column][et_pb_column type=&#8220;1_4&#8243; _builder_version=&#8220;4.5.4&#8243; _module_preset=&#8220;default&#8220;][et_pb_image src=&#8220;https:\/\/mckunterbunt.at\/wp-content\/uploads\/2020\/08\/Bild-2.jpg&#8220; title_text=&#8220;Bild-2&#8243; _builder_version=&#8220;4.5.4&#8243; _module_preset=&#8220;default&#8220; box_shadow_style=&#8220;preset3&#8243;][\/et_pb_image][et_pb_image src=&#8220;https:\/\/mckunterbunt.at\/wp-content\/uploads\/2020\/08\/Bild-17.jpg&#8220; title_text=&#8220;Bild-17&#8243; _builder_version=&#8220;4.5.4&#8243; _module_preset=&#8220;default&#8220; box_shadow_style=&#8220;preset3&#8243;][\/et_pb_image][et_pb_image src=&#8220;https:\/\/mckunterbunt.at\/wp-content\/uploads\/2020\/08\/Bild-13.jpg&#8220; title_text=&#8220;Bild-13&#8243; _builder_version=&#8220;4.5.4&#8243; _module_preset=&#8220;default&#8220; box_shadow_style=&#8220;preset3&#8243;][\/et_pb_image][et_pb_image src=&#8220;https:\/\/mckunterbunt.at\/wp-content\/uploads\/2020\/08\/Bild-6.jpg&#8220; title_text=&#8220;Bild-6&#8243; _builder_version=&#8220;4.5.4&#8243; _module_preset=&#8220;default&#8220; box_shadow_style=&#8220;preset3&#8243;][\/et_pb_image][et_pb_image src=&#8220;https:\/\/mckunterbunt.at\/wp-content\/uploads\/2020\/08\/Bild-4.jpg&#8220; title_text=&#8220;Bild-4&#8243; _builder_version=&#8220;4.5.4&#8243; _module_preset=&#8220;default&#8220; box_shadow_style=&#8220;preset3&#8243;][\/et_pb_image][\/et_pb_column][et_pb_column type=&#8220;1_4&#8243; _builder_version=&#8220;4.5.4&#8243; _module_preset=&#8220;default&#8220;][et_pb_image src=&#8220;https:\/\/mckunterbunt.at\/wp-content\/uploads\/2020\/08\/Bild-14.jpg&#8220; title_text=&#8220;Bild-14&#8243; _builder_version=&#8220;4.5.4&#8243; _module_preset=&#8220;default&#8220; box_shadow_style=&#8220;preset3&#8243;][\/et_pb_image][et_pb_image src=&#8220;https:\/\/mckunterbunt.at\/wp-content\/uploads\/2020\/08\/Bild-16.jpg&#8220; title_text=&#8220;Bild-16&#8243; _builder_version=&#8220;4.5.4&#8243; _module_preset=&#8220;default&#8220; box_shadow_style=&#8220;preset3&#8243;][\/et_pb_image][et_pb_image src=&#8220;https:\/\/mckunterbunt.at\/wp-content\/uploads\/2020\/08\/Bild-5.jpg&#8220; title_text=&#8220;Bild-5&#8243; _builder_version=&#8220;4.5.4&#8243; _module_preset=&#8220;default&#8220; box_shadow_style=&#8220;preset3&#8243;][\/et_pb_image][et_pb_image src=&#8220;https:\/\/mckunterbunt.at\/wp-content\/uploads\/2020\/08\/Bild-10.jpg&#8220; title_text=&#8220;Bild-10&#8243; _builder_version=&#8220;4.5.4&#8243; _module_preset=&#8220;default&#8220; box_shadow_style=&#8220;preset3&#8243;][\/et_pb_image][\/et_pb_column][et_pb_column type=&#8220;1_4&#8243; _builder_version=&#8220;4.5.4&#8243; _module_preset=&#8220;default&#8220;][et_pb_image src=&#8220;https:\/\/mckunterbunt.at\/wp-content\/uploads\/2020\/08\/Bild-11.jpg&#8220; title_text=&#8220;Bild-11&#8243; _builder_version=&#8220;4.5.4&#8243; _module_preset=&#8220;default&#8220; box_shadow_style=&#8220;preset3&#8243;][\/et_pb_image][et_pb_image src=&#8220;https:\/\/mckunterbunt.at\/wp-content\/uploads\/2020\/08\/Bild-7.jpg&#8220; title_text=&#8220;Bild-7&#8243; _builder_version=&#8220;4.5.4&#8243; _module_preset=&#8220;default&#8220; box_shadow_style=&#8220;preset3&#8243;][\/et_pb_image][et_pb_image src=&#8220;https:\/\/mckunterbunt.at\/wp-content\/uploads\/2020\/08\/Bild-15.jpg&#8220; title_text=&#8220;Bild-15&#8243; _builder_version=&#8220;4.5.4&#8243; _module_preset=&#8220;default&#8220; box_shadow_style=&#8220;preset3&#8243;][\/et_pb_image][et_pb_image src=&#8220;https:\/\/mckunterbunt.at\/wp-content\/uploads\/2020\/08\/Bild-8.jpg&#8220; title_text=&#8220;Bild-8&#8243; _builder_version=&#8220;4.5.4&#8243; _module_preset=&#8220;default&#8220; box_shadow_style=&#8220;preset3&#8243;][\/et_pb_image][\/et_pb_column][\/et_pb_row][et_pb_row column_structure=&#8220;1_4,1_4,1_4,1_4&#8243; _builder_version=&#8220;4.5.4&#8243; _module_preset=&#8220;default&#8220;][et_pb_column type=&#8220;1_4&#8243; _builder_version=&#8220;4.5.4&#8243; _module_preset=&#8220;default&#8220;][et_pb_image src=&#8220;https:\/\/mckunterbunt.at\/wp-content\/uploads\/2020\/08\/Bild-25.jpg&#8220; title_text=&#8220;Bild-25&#8243; _builder_version=&#8220;4.5.4&#8243; _module_preset=&#8220;default&#8220; box_shadow_style=&#8220;preset3&#8243;][\/et_pb_image][et_pb_image src=&#8220;https:\/\/mckunterbunt.at\/wp-content\/uploads\/2020\/08\/Super-18.jpg&#8220; title_text=&#8220;Super-18&#8243; _builder_version=&#8220;4.5.4&#8243; _module_preset=&#8220;default&#8220; box_shadow_style=&#8220;preset3&#8243;][\/et_pb_image][\/et_pb_column][et_pb_column type=&#8220;1_4&#8243; _builder_version=&#8220;4.5.4&#8243; _module_preset=&#8220;default&#8220;][et_pb_image src=&#8220;https:\/\/mckunterbunt.at\/wp-content\/uploads\/2020\/08\/Bild-21.jpg&#8220; title_text=&#8220;Bild-21&#8243; _builder_version=&#8220;4.5.4&#8243; _module_preset=&#8220;default&#8220; box_shadow_style=&#8220;preset3&#8243;][\/et_pb_image][et_pb_image src=&#8220;https:\/\/mckunterbunt.at\/wp-content\/uploads\/2020\/08\/Bild-19.jpg&#8220; title_text=&#8220;Bild-19&#8243; _builder_version=&#8220;4.5.4&#8243; _module_preset=&#8220;default&#8220; box_shadow_style=&#8220;preset3&#8243;][\/et_pb_image][\/et_pb_column][et_pb_column type=&#8220;1_4&#8243; _builder_version=&#8220;4.5.4&#8243; _module_preset=&#8220;default&#8220;][et_pb_image src=&#8220;https:\/\/mckunterbunt.at\/wp-content\/uploads\/2020\/08\/Bild-24.jpg&#8220; title_text=&#8220;Bild-24&#8243; _builder_version=&#8220;4.5.4&#8243; _module_preset=&#8220;default&#8220; box_shadow_style=&#8220;preset3&#8243;][\/et_pb_image][\/et_pb_column][et_pb_column type=&#8220;1_4&#8243; _builder_version=&#8220;4.5.4&#8243; _module_preset=&#8220;default&#8220;][et_pb_image src=&#8220;https:\/\/mckunterbunt.at\/wp-content\/uploads\/2020\/08\/Bild-20.jpg&#8220; title_text=&#8220;Bild-20&#8243; _builder_version=&#8220;4.5.4&#8243; _module_preset=&#8220;default&#8220; box_shadow_style=&#8220;preset3&#8243;][\/et_pb_image][\/et_pb_column][\/et_pb_row][\/et_pb_section]<\/p>\n","protected":false},"excerpt":{"rendered":"<p>[et_pb_section fb_built=&#8220;1&#8243; _builder_version=&#8220;4.5.4&#8243; _module_preset=&#8220;default&#8220;][et_pb_row _builder_version=&#8220;4.5.4&#8243; _module_preset=&#8220;default&#8220;][et_pb_column type=&#8220;4_4&#8243; _builder_version=&#8220;4.5.4&#8243; _module_preset=&#8220;default&#8220;][et_pb_text _builder_version=&#8220;4.5.4&#8243; _module_preset=&#8220;default&#8220; header_font=&#8220;Parisienne||||||||&#8220; header_text_color=&#8220;#4E847A&#8220; header_font_size=&#8220;40px&#8220; custom_margin=&#8220;||13px|||&#8220; header_font_size_tablet=&#8220;35px&#8220; header_font_size_phone=&#8220;&#8220; header_font_size_last_edited=&#8220;on|tablet&#8220;] Irmgard Baum, Malerin [\/et_pb_text][\/et_pb_column][\/et_pb_row][et_pb_row column_structure=&#8220;2_5,3_5&#8243; _builder_version=&#8220;4.5.4&#8243; _module_preset=&#8220;default&#8220;][et_pb_column type=&#8220;2_5&#8243; _builder_version=&#8220;4.5.4&#8243; _module_preset=&#8220;default&#8220;][et_pb_image src=&#8220;https:\/\/mckunterbunt.at\/wp-content\/uploads\/2020\/08\/IBaum.jpeg&#8220; title_text=&#8220;IBaum&#8220; align=&#8220;right&#8220; _builder_version=&#8220;4.5.4&#8243; _module_preset=&#8220;default&#8220; hover_enabled=&#8220;0&#8243; box_shadow_style=&#8220;preset3&#8243;][\/et_pb_image][\/et_pb_column][et_pb_column type=&#8220;3_5&#8243; _builder_version=&#8220;4.5.4&#8243; _module_preset=&#8220;default&#8220;][et_pb_text _builder_version=&#8220;4.5.4&#8243; _module_preset=&#8220;default&#8220;] In der Steiermark geboren und aufgewachsten, verbrachte Irmgard Baum einige Zeit ihres Lebens in verschiedenen [&hellip;]<\/p>\n","protected":false},"author":1,"featured_media":0,"parent":0,"menu_order":0,"comment_status":"closed","ping_status":"closed","template":"","meta":{"_et_pb_use_builder":"on","_et_pb_old_content":"<!-- wp:divi\/placeholder \/-->","_et_gb_content_width":""},"yoast_head":"<!-- This site is optimized with the Yoast SEO plugin v15.8 - https:\/\/yoast.com\/wordpress\/plugins\/seo\/ -->\n<title>Kunstmalerei - Mc Kunterbunt<\/title>\n<meta name=\"robots\" content=\"index, follow, max-snippet:-1, max-image-preview:large, max-video-preview:-1\" \/>\n<link rel=\"canonical\" href=\"https:\/\/mckunterbunt.at\/index.php\/kunstmalerei\/\" \/>\n<meta property=\"og:locale\" content=\"de_DE\" \/>\n<meta property=\"og:type\" content=\"article\" \/>\n<meta property=\"og:title\" content=\"Kunstmalerei - Mc Kunterbunt\" \/>\n<meta property=\"og:description\" content=\"[et_pb_section fb_built=&#8220;1&#8243; _builder_version=&#8220;4.5.4&#8243; _module_preset=&#8220;default&#8220;][et_pb_row _builder_version=&#8220;4.5.4&#8243; _module_preset=&#8220;default&#8220;][et_pb_column type=&#8220;4_4&#8243; _builder_version=&#8220;4.5.4&#8243; _module_preset=&#8220;default&#8220;][et_pb_text _builder_version=&#8220;4.5.4&#8243; _module_preset=&#8220;default&#8220; header_font=&#8220;Parisienne||||||||&#8220; header_text_color=&#8220;#4E847A&#8220; header_font_size=&#8220;40px&#8220; custom_margin=&#8220;||13px|||&#8220; header_font_size_tablet=&#8220;35px&#8220; header_font_size_phone=&#8220;&#8220; header_font_size_last_edited=&#8220;on|tablet&#8220;] Irmgard Baum, Malerin [\/et_pb_text][\/et_pb_column][\/et_pb_row][et_pb_row column_structure=&#8220;2_5,3_5&#8243; _builder_version=&#8220;4.5.4&#8243; _module_preset=&#8220;default&#8220;][et_pb_column type=&#8220;2_5&#8243; _builder_version=&#8220;4.5.4&#8243; _module_preset=&#8220;default&#8220;][et_pb_image src=&#8220;https:\/\/mckunterbunt.at\/wp-content\/uploads\/2020\/08\/IBaum.jpeg&#8220; title_text=&#8220;IBaum&#8220; align=&#8220;right&#8220; _builder_version=&#8220;4.5.4&#8243; _module_preset=&#8220;default&#8220; hover_enabled=&#8220;0&#8243; box_shadow_style=&#8220;preset3&#8243;][\/et_pb_image][\/et_pb_column][et_pb_column type=&#8220;3_5&#8243; _builder_version=&#8220;4.5.4&#8243; _module_preset=&#8220;default&#8220;][et_pb_text _builder_version=&#8220;4.5.4&#8243; _module_preset=&#8220;default&#8220;] In der Steiermark geboren und aufgewachsten, verbrachte Irmgard Baum einige Zeit ihres Lebens in verschiedenen [&hellip;]\" \/>\n<meta property=\"og:url\" content=\"https:\/\/mckunterbunt.at\/index.php\/kunstmalerei\/\" \/>\n<meta property=\"og:site_name\" content=\"Mc Kunterbunt\" \/>\n<meta property=\"article:modified_time\" content=\"2020-09-01T16:08:17+00:00\" \/>\n<meta name=\"twitter:card\" content=\"summary_large_image\" \/>\n<meta name=\"twitter:label1\" content=\"Gesch\u00e4tzte Lesezeit\">\n\t<meta name=\"twitter:data1\" content=\"5\u00a0Minuten\">\n<script type=\"application\/ld+json\" class=\"yoast-schema-graph\">{\"@context\":\"https:\/\/schema.org\",\"@graph\":[{\"@type\":\"WebSite\",\"@id\":\"https:\/\/mckunterbunt.at\/#website\",\"url\":\"https:\/\/mckunterbunt.at\/\",\"name\":\"Mc Kunterbunt\",\"description\":\"F\\u00fcr Leser die das besondere lieben\",\"potentialAction\":[{\"@type\":\"SearchAction\",\"target\":\"https:\/\/mckunterbunt.at\/?s={search_term_string}\",\"query-input\":\"required name=search_term_string\"}],\"inLanguage\":\"de\"},{\"@type\":\"WebPage\",\"@id\":\"https:\/\/mckunterbunt.at\/index.php\/kunstmalerei\/#webpage\",\"url\":\"https:\/\/mckunterbunt.at\/index.php\/kunstmalerei\/\",\"name\":\"Kunstmalerei - Mc Kunterbunt\",\"isPartOf\":{\"@id\":\"https:\/\/mckunterbunt.at\/#website\"},\"datePublished\":\"2020-08-11T09:09:28+00:00\",\"dateModified\":\"2020-09-01T16:08:17+00:00\",\"breadcrumb\":{\"@id\":\"https:\/\/mckunterbunt.at\/index.php\/kunstmalerei\/#breadcrumb\"},\"inLanguage\":\"de\",\"potentialAction\":[{\"@type\":\"ReadAction\",\"target\":[\"https:\/\/mckunterbunt.at\/index.php\/kunstmalerei\/\"]}]},{\"@type\":\"BreadcrumbList\",\"@id\":\"https:\/\/mckunterbunt.at\/index.php\/kunstmalerei\/#breadcrumb\",\"itemListElement\":[{\"@type\":\"ListItem\",\"position\":1,\"item\":{\"@type\":\"WebPage\",\"@id\":\"https:\/\/mckunterbunt.at\/\",\"url\":\"https:\/\/mckunterbunt.at\/\",\"name\":\"Startseite\"}},{\"@type\":\"ListItem\",\"position\":2,\"item\":{\"@type\":\"WebPage\",\"@id\":\"https:\/\/mckunterbunt.at\/index.php\/kunstmalerei\/\",\"url\":\"https:\/\/mckunterbunt.at\/index.php\/kunstmalerei\/\",\"name\":\"Kunstmalerei\"}}]}]}<\/script>\n<!-- \/ Yoast SEO plugin. -->","_links":{"self":[{"href":"https:\/\/mckunterbunt.at\/index.php\/wp-json\/wp\/v2\/pages\/19"}],"collection":[{"href":"https:\/\/mckunterbunt.at\/index.php\/wp-json\/wp\/v2\/pages"}],"about":[{"href":"https:\/\/mckunterbunt.at\/index.php\/wp-json\/wp\/v2\/types\/page"}],"author":[{"embeddable":true,"href":"https:\/\/mckunterbunt.at\/index.php\/wp-json\/wp\/v2\/users\/1"}],"replies":[{"embeddable":true,"href":"https:\/\/mckunterbunt.at\/index.php\/wp-json\/wp\/v2\/comments?post=19"}],"version-history":[{"count":10,"href":"https:\/\/mckunterbunt.at\/index.php\/wp-json\/wp\/v2\/pages\/19\/revisions"}],"predecessor-version":[{"id":651,"href":"https:\/\/mckunterbunt.at\/index.php\/wp-json\/wp\/v2\/pages\/19\/revisions\/651"}],"wp:attachment":[{"href":"https:\/\/mckunterbunt.at\/index.php\/wp-json\/wp\/v2\/media?parent=19"}],"curies":[{"name":"wp","href":"https:\/\/api.w.org\/{rel}","templated":true}]}}