{"id":308,"date":"2020-08-26T10:22:01","date_gmt":"2020-08-26T10:22:01","guid":{"rendered":"https:\/\/mckunterbunt.carina-kreiert.at\/?page_id=308"},"modified":"2020-08-26T10:37:38","modified_gmt":"2020-08-26T10:37:38","slug":"ausdruckstanz-middle-eastern-woman-dance","status":"publish","type":"page","link":"https:\/\/mckunterbunt.at\/index.php\/ausdruckstanz-middle-eastern-woman-dance\/","title":{"rendered":"Ausdruckstanz MIDDLE EASTERN WOMAN DANCE"},"content":{"rendered":"<p>[et_pb_section fb_built=&#8220;1&#8243; _builder_version=&#8220;4.5.4&#8243; _module_preset=&#8220;default&#8220;][et_pb_row _builder_version=&#8220;4.5.4&#8243; _module_preset=&#8220;default&#8220;][et_pb_column type=&#8220;4_4&#8243; _builder_version=&#8220;4.5.4&#8243; _module_preset=&#8220;default&#8220;][et_pb_text _builder_version=&#8220;4.5.4&#8243; _module_preset=&#8220;default&#8220; header_font=&#8220;Parisienne||||||||&#8220; header_text_color=&#8220;#4E847A&#8220; header_font_size=&#8220;40px&#8220; custom_margin=&#8220;||13px|||&#8220; hover_enabled=&#8220;0&#8243; header_font_size_tablet=&#8220;35px&#8220; header_font_size_phone=&#8220;&#8220; header_font_size_last_edited=&#8220;on|tablet&#8220;]<\/p>\n<h1 style=\"text-align: center;\">Ausdruckstanz &#8211; Middle Eastern Woman Dance<\/h1>\n<p>[\/et_pb_text][\/et_pb_column][\/et_pb_row][et_pb_row column_structure=&#8220;2_5,3_5&#8243; _builder_version=&#8220;4.5.4&#8243; _module_preset=&#8220;default&#8220;][et_pb_column type=&#8220;2_5&#8243; _builder_version=&#8220;4.5.4&#8243; _module_preset=&#8220;default&#8220;][et_pb_image src=&#8220;https:\/\/mckunterbunt.at\/wp-content\/uploads\/2020\/08\/Mystic-world.jpg&#8220; title_text=&#8220;Mystic-world&#8220; align=&#8220;center&#8220; disabled_on=&#8220;on|on|off&#8220; _builder_version=&#8220;4.5.4&#8243; _module_preset=&#8220;default&#8220; width=&#8220;75%&#8220; width_tablet=&#8220;&#8220; width_phone=&#8220;56%&#8220; width_last_edited=&#8220;on|tablet&#8220; module_alignment=&#8220;center&#8220; hover_enabled=&#8220;0&#8243; box_shadow_style=&#8220;preset3&#8243;][\/et_pb_image][et_pb_image src=&#8220;https:\/\/mckunterbunt.at\/wp-content\/uploads\/2020\/08\/Mystic-world.jpg&#8220; title_text=&#8220;Mystic-world&#8220; align=&#8220;center&#8220; disabled_on=&#8220;off|off|on&#8220; _builder_version=&#8220;4.5.4&#8243; _module_preset=&#8220;default&#8220; width=&#8220;75%&#8220; width_tablet=&#8220;40%&#8220; width_phone=&#8220;56%&#8220; width_last_edited=&#8220;on|phone&#8220; module_alignment=&#8220;center&#8220; hover_enabled=&#8220;0&#8243; box_shadow_style=&#8220;preset3&#8243;][\/et_pb_image][\/et_pb_column][et_pb_column type=&#8220;3_5&#8243; _builder_version=&#8220;4.5.4&#8243; _module_preset=&#8220;default&#8220;][et_pb_text _builder_version=&#8220;4.5.4&#8243; _module_preset=&#8220;default&#8220; header_font=&#8220;||||||||&#8220; header_text_color=&#8220;#4E847A&#8220; custom_margin=&#8220;||13px|||&#8220; hover_enabled=&#8220;0&#8243; header_font_size_tablet=&#8220;35px&#8220; header_font_size_phone=&#8220;30px&#8220; header_font_size_last_edited=&#8220;on|tablet&#8220;]<\/p>\n<h1 style=\"text-align: center;\">Mystic World<\/h1>\n<p>[\/et_pb_text][et_pb_text _builder_version=&#8220;4.5.4&#8243; _module_preset=&#8220;default&#8220; header_5_text_color=&#8220;#4E847A&#8220; header_5_line_height=&#8220;1.2em&#8220; hover_enabled=&#8220;0&#8243;]<\/p>\n<h5 style=\"text-align: center;\"><span>MIDDLE EASTERN WOMAN DANCE<\/span><\/h5>\n<p>[\/et_pb_text][et_pb_divider color=&#8220;#4E847A&#8220; divider_weight=&#8220;1px&#8220; _builder_version=&#8220;4.5.4&#8243; _module_preset=&#8220;default&#8220; width=&#8220;13%&#8220; module_alignment=&#8220;center&#8220;][\/et_pb_divider][et_pb_text _builder_version=&#8220;4.5.4&#8243; _module_preset=&#8220;default&#8220; hover_enabled=&#8220;0&#8243;]<\/p>\n<p style=\"text-align: center;\"><span>Dieses Buch f\u00fchrt in die Welt des freien Ausdruckstanzes. Vom Tanz der kosmischen Welten, der Atome und Molek\u00fcle, \u00fcber den Tanz des Windes, des Wassers, begleitet dieses wissenschaftlich aufbereitete Fachbuch hin zum mystischen Tanz der Transformation<\/span><\/p>\n<p>[\/et_pb_text][et_pb_text _builder_version=&#8220;4.5.4&#8243; _module_preset=&#8220;default&#8220; hover_enabled=&#8220;0&#8243;]<\/p>\n<p style=\"text-align: center;\"><span>ISBN 978-3-902072-08-3<\/span><\/p>\n<p>[\/et_pb_text][\/et_pb_column][\/et_pb_row][et_pb_row column_structure=&#8220;2_5,3_5&#8243; _builder_version=&#8220;4.5.4&#8243; _module_preset=&#8220;default&#8220;][et_pb_column type=&#8220;2_5&#8243; _builder_version=&#8220;4.5.4&#8243; _module_preset=&#8220;default&#8220;][et_pb_image src=&#8220;https:\/\/mckunterbunt.at\/wp-content\/uploads\/2020\/08\/Gedanken-zum-tr\u00e4umen.jpg&#8220; title_text=&#8220;Gedanken-zum-tr\u00e4umen&#8220; align=&#8220;center&#8220; disabled_on=&#8220;on|on|off&#8220; _builder_version=&#8220;4.5.4&#8243; _module_preset=&#8220;default&#8220; width=&#8220;75%&#8220; width_tablet=&#8220;&#8220; width_phone=&#8220;56%&#8220; width_last_edited=&#8220;on|tablet&#8220; module_alignment=&#8220;center&#8220; hover_enabled=&#8220;0&#8243; box_shadow_style=&#8220;preset3&#8243;][\/et_pb_image][et_pb_image src=&#8220;https:\/\/mckunterbunt.at\/wp-content\/uploads\/2020\/08\/Gedanken-zum-tr\u00e4umen.jpg&#8220; title_text=&#8220;Gedanken-zum-tr\u00e4umen&#8220; align=&#8220;center&#8220; disabled_on=&#8220;off|off|on&#8220; _builder_version=&#8220;4.5.4&#8243; _module_preset=&#8220;default&#8220; width=&#8220;75%&#8220; width_tablet=&#8220;40%&#8220; width_phone=&#8220;56%&#8220; width_last_edited=&#8220;on|phone&#8220; module_alignment=&#8220;center&#8220; hover_enabled=&#8220;0&#8243; box_shadow_style=&#8220;preset3&#8243;][\/et_pb_image][\/et_pb_column][et_pb_column type=&#8220;3_5&#8243; _builder_version=&#8220;4.5.4&#8243; _module_preset=&#8220;default&#8220;][et_pb_text _builder_version=&#8220;4.5.4&#8243; _module_preset=&#8220;default&#8220; header_font=&#8220;||||||||&#8220; header_text_color=&#8220;#4E847A&#8220; custom_margin=&#8220;||13px|||&#8220; hover_enabled=&#8220;0&#8243; header_font_size_tablet=&#8220;35px&#8220; header_font_size_phone=&#8220;30px&#8220; header_font_size_last_edited=&#8220;on|tablet&#8220;]<\/p>\n<h1 style=\"text-align: center;\">Gedanken zum Tr\u00e4umen<\/h1>\n<p>[\/et_pb_text][et_pb_text _builder_version=&#8220;4.5.4&#8243; _module_preset=&#8220;default&#8220; header_5_text_color=&#8220;#4E847A&#8220; header_5_line_height=&#8220;1.2em&#8220; hover_enabled=&#8220;0&#8243;]<\/p>\n<h5 style=\"text-align: center;\"><span>MIDDLE EASTERN WOMAN DANCE<\/span><\/p>\n<\/h5>\n<p>[\/et_pb_text][et_pb_divider color=&#8220;#4E847A&#8220; divider_weight=&#8220;1px&#8220; _builder_version=&#8220;4.5.4&#8243; _module_preset=&#8220;default&#8220; width=&#8220;13%&#8220; module_alignment=&#8220;center&#8220;][\/et_pb_divider][et_pb_text _builder_version=&#8220;4.5.4&#8243; _module_preset=&#8220;default&#8220; hover_enabled=&#8220;0&#8243;]<\/p>\n<p style=\"text-align: center;\"><span>Gebet der T\u00e4nzerin<\/span><\/p>\n<p style=\"text-align: center;\"><span>Ich tanze schwebend in dir, <\/span><br \/><span>Luft &#8211; Hauch, himmlischer Geist,<\/span><br \/><span>durchlichtest mich, so tief, so weit,<\/span><br \/><span>bis jenseits aller Ewigkeit. <\/span><\/p>\n<p>[\/et_pb_text][et_pb_text _builder_version=&#8220;4.5.4&#8243; _module_preset=&#8220;default&#8220; hover_enabled=&#8220;0&#8243;]<\/p>\n<p style=\"text-align: center;\"><span>ISBN 978-3-902072-16-4<\/span><\/p>\n<p>[\/et_pb_text][\/et_pb_column][\/et_pb_row][et_pb_row column_structure=&#8220;2_5,3_5&#8243; _builder_version=&#8220;4.5.4&#8243; _module_preset=&#8220;default&#8220;][et_pb_column type=&#8220;2_5&#8243; _builder_version=&#8220;4.5.4&#8243; _module_preset=&#8220;default&#8220;][et_pb_image src=&#8220;https:\/\/mckunterbunt.at\/wp-content\/uploads\/2020\/08\/lausche-nachtigall.jpg&#8220; title_text=&#8220;lausche-nachtigall&#8220; align=&#8220;center&#8220; disabled_on=&#8220;on|on|off&#8220; _builder_version=&#8220;4.5.4&#8243; _module_preset=&#8220;default&#8220; width=&#8220;75%&#8220; width_tablet=&#8220;&#8220; width_phone=&#8220;56%&#8220; width_last_edited=&#8220;on|tablet&#8220; module_alignment=&#8220;center&#8220; hover_enabled=&#8220;0&#8243; box_shadow_style=&#8220;preset3&#8243;][\/et_pb_image][et_pb_image src=&#8220;https:\/\/mckunterbunt.at\/wp-content\/uploads\/2020\/08\/lausche-nachtigall.jpg&#8220; title_text=&#8220;lausche-nachtigall&#8220; align=&#8220;center&#8220; disabled_on=&#8220;off|off|on&#8220; _builder_version=&#8220;4.5.4&#8243; _module_preset=&#8220;default&#8220; width=&#8220;75%&#8220; width_tablet=&#8220;40%&#8220; width_phone=&#8220;56%&#8220; width_last_edited=&#8220;on|phone&#8220; module_alignment=&#8220;center&#8220; hover_enabled=&#8220;0&#8243; box_shadow_style=&#8220;preset3&#8243;][\/et_pb_image][\/et_pb_column][et_pb_column type=&#8220;3_5&#8243; _builder_version=&#8220;4.5.4&#8243; _module_preset=&#8220;default&#8220;][et_pb_text _builder_version=&#8220;4.5.4&#8243; _module_preset=&#8220;default&#8220; header_font=&#8220;||||||||&#8220; header_text_color=&#8220;#4E847A&#8220; custom_margin=&#8220;||13px|||&#8220; hover_enabled=&#8220;0&#8243; header_font_size_tablet=&#8220;35px&#8220; header_font_size_phone=&#8220;30px&#8220; header_font_size_last_edited=&#8220;on|tablet&#8220;]<\/p>\n<h1 style=\"text-align: center;\">Lausche Nachtigall um der Liebe willen<\/h1>\n<h1 style=\"text-align: center;\"><\/h1>\n<p>[\/et_pb_text][et_pb_text _builder_version=&#8220;4.5.4&#8243; _module_preset=&#8220;default&#8220; header_5_text_color=&#8220;#4E847A&#8220; header_5_line_height=&#8220;1.2em&#8220; hover_enabled=&#8220;0&#8243;]<\/p>\n<h5 style=\"text-align: center;\"><span>M\u00e4rchen f\u00fcr M\u00e4dchen und Frauen<\/span><\/h5>\n<p>[\/et_pb_text][et_pb_divider color=&#8220;#4E847A&#8220; divider_weight=&#8220;1px&#8220; _builder_version=&#8220;4.5.4&#8243; _module_preset=&#8220;default&#8220; width=&#8220;13%&#8220; module_alignment=&#8220;center&#8220;][\/et_pb_divider][et_pb_text _builder_version=&#8220;4.5.4&#8243; _module_preset=&#8220;default&#8220; hover_enabled=&#8220;0&#8243; custom_margin=&#8220;-15px|||||&#8220;]<\/p>\n<p style=\"text-align: center;\"><span>Mit ihrem Buch &#8222;Lausche Nachtigall um der Liebe willen&#8220; l\u00e4dt Irmgard Baum in die zauberhafte Welt der M\u00e4rchen ein. Zarte Poesie klingt aus ihren Erz\u00e4hlungen, die eine h\u00f6here Wahrheit der Liebe versinnbildlichen: Die Leserin blickt in ein Spiegelbild und kann daraus Erkenntnisse ziehen. Nie zuvor war die Sprache von Irmgard Baum tiefgr\u00fcndiger als in diesem Buch, und daran hat wohl auch ihr weiser Pferdefreund Calimero seinen Anteil. &#8222;Sein Pferdegefl\u00fcster hat mich mit Geheimnissen inspiriert, die vorliegenden M\u00e4rchen f\u00fcr M\u00e4dchen und Frauen niederzuschreiben&#8220;, sagt Irmgard Baum, die in diesem Buch ihren unersch\u00fctterlichen Glauben an die Wahrhaftigkeit der Liebe einflie\u00dfen lie\u00df.<\/span><br \/><span>Die Lyrikerin Elfriede Werthan hat diese verzaubernden Erz\u00e4hlungen mit Aphorismen umwoben, welche Frauen in ihrer tiefsten Seele ber\u00fchren.<\/span><\/p>\n<p>[\/et_pb_text][et_pb_text _builder_version=&#8220;4.5.4&#8243; _module_preset=&#8220;default&#8220; hover_enabled=&#8220;0&#8243;]<\/p>\n<p style=\"text-align: center;\"><span>ISBN 3-902072-03-2<\/span><\/p>\n<p>[\/et_pb_text][\/et_pb_column][\/et_pb_row][\/et_pb_section]<\/p>\n","protected":false},"excerpt":{"rendered":"<p>[et_pb_section fb_built=&#8220;1&#8243; _builder_version=&#8220;4.5.4&#8243; _module_preset=&#8220;default&#8220;][et_pb_row _builder_version=&#8220;4.5.4&#8243; _module_preset=&#8220;default&#8220;][et_pb_column type=&#8220;4_4&#8243; _builder_version=&#8220;4.5.4&#8243; _module_preset=&#8220;default&#8220;][et_pb_text _builder_version=&#8220;4.5.4&#8243; _module_preset=&#8220;default&#8220; header_font=&#8220;Parisienne||||||||&#8220; header_text_color=&#8220;#4E847A&#8220; header_font_size=&#8220;40px&#8220; custom_margin=&#8220;||13px|||&#8220; hover_enabled=&#8220;0&#8243; header_font_size_tablet=&#8220;35px&#8220; header_font_size_phone=&#8220;&#8220; header_font_size_last_edited=&#8220;on|tablet&#8220;] Ausdruckstanz &#8211; Middle Eastern Woman Dance [\/et_pb_text][\/et_pb_column][\/et_pb_row][et_pb_row column_structure=&#8220;2_5,3_5&#8243; _builder_version=&#8220;4.5.4&#8243; _module_preset=&#8220;default&#8220;][et_pb_column type=&#8220;2_5&#8243; _builder_version=&#8220;4.5.4&#8243; _module_preset=&#8220;default&#8220;][et_pb_image src=&#8220;https:\/\/mckunterbunt.at\/wp-content\/uploads\/2020\/08\/Mystic-world.jpg&#8220; title_text=&#8220;Mystic-world&#8220; align=&#8220;center&#8220; disabled_on=&#8220;on|on|off&#8220; _builder_version=&#8220;4.5.4&#8243; _module_preset=&#8220;default&#8220; width=&#8220;75%&#8220; width_tablet=&#8220;&#8220; width_phone=&#8220;56%&#8220; width_last_edited=&#8220;on|tablet&#8220; module_alignment=&#8220;center&#8220; hover_enabled=&#8220;0&#8243; box_shadow_style=&#8220;preset3&#8243;][\/et_pb_image][et_pb_image src=&#8220;https:\/\/mckunterbunt.at\/wp-content\/uploads\/2020\/08\/Mystic-world.jpg&#8220; title_text=&#8220;Mystic-world&#8220; align=&#8220;center&#8220; disabled_on=&#8220;off|off|on&#8220; _builder_version=&#8220;4.5.4&#8243; _module_preset=&#8220;default&#8220; width=&#8220;75%&#8220; width_tablet=&#8220;40%&#8220; width_phone=&#8220;56%&#8220; width_last_edited=&#8220;on|phone&#8220; [&hellip;]<\/p>\n","protected":false},"author":1,"featured_media":0,"parent":0,"menu_order":0,"comment_status":"closed","ping_status":"closed","template":"","meta":{"_et_pb_use_builder":"on","_et_pb_old_content":"","_et_gb_content_width":""},"yoast_head":"<!-- This site is optimized with the Yoast SEO plugin v15.8 - https:\/\/yoast.com\/wordpress\/plugins\/seo\/ -->\n<title>Ausdruckstanz MIDDLE EASTERN WOMAN DANCE - Mc Kunterbunt<\/title>\n<meta name=\"robots\" content=\"index, follow, max-snippet:-1, max-image-preview:large, max-video-preview:-1\" \/>\n<link rel=\"canonical\" href=\"https:\/\/mckunterbunt.at\/index.php\/ausdruckstanz-middle-eastern-woman-dance\/\" \/>\n<meta property=\"og:locale\" content=\"de_DE\" \/>\n<meta property=\"og:type\" content=\"article\" \/>\n<meta property=\"og:title\" content=\"Ausdruckstanz MIDDLE EASTERN WOMAN DANCE - Mc Kunterbunt\" \/>\n<meta property=\"og:description\" content=\"[et_pb_section fb_built=&#8220;1&#8243; _builder_version=&#8220;4.5.4&#8243; _module_preset=&#8220;default&#8220;][et_pb_row _builder_version=&#8220;4.5.4&#8243; _module_preset=&#8220;default&#8220;][et_pb_column type=&#8220;4_4&#8243; _builder_version=&#8220;4.5.4&#8243; _module_preset=&#8220;default&#8220;][et_pb_text _builder_version=&#8220;4.5.4&#8243; _module_preset=&#8220;default&#8220; header_font=&#8220;Parisienne||||||||&#8220; header_text_color=&#8220;#4E847A&#8220; header_font_size=&#8220;40px&#8220; custom_margin=&#8220;||13px|||&#8220; hover_enabled=&#8220;0&#8243; header_font_size_tablet=&#8220;35px&#8220; header_font_size_phone=&#8220;&#8220; header_font_size_last_edited=&#8220;on|tablet&#8220;] Ausdruckstanz &#8211; Middle Eastern Woman Dance [\/et_pb_text][\/et_pb_column][\/et_pb_row][et_pb_row column_structure=&#8220;2_5,3_5&#8243; _builder_version=&#8220;4.5.4&#8243; _module_preset=&#8220;default&#8220;][et_pb_column type=&#8220;2_5&#8243; _builder_version=&#8220;4.5.4&#8243; _module_preset=&#8220;default&#8220;][et_pb_image src=&#8220;https:\/\/mckunterbunt.at\/wp-content\/uploads\/2020\/08\/Mystic-world.jpg&#8220; title_text=&#8220;Mystic-world&#8220; align=&#8220;center&#8220; disabled_on=&#8220;on|on|off&#8220; _builder_version=&#8220;4.5.4&#8243; _module_preset=&#8220;default&#8220; width=&#8220;75%&#8220; width_tablet=&#8220;&#8220; width_phone=&#8220;56%&#8220; width_last_edited=&#8220;on|tablet&#8220; module_alignment=&#8220;center&#8220; hover_enabled=&#8220;0&#8243; box_shadow_style=&#8220;preset3&#8243;][\/et_pb_image][et_pb_image src=&#8220;https:\/\/mckunterbunt.at\/wp-content\/uploads\/2020\/08\/Mystic-world.jpg&#8220; title_text=&#8220;Mystic-world&#8220; align=&#8220;center&#8220; disabled_on=&#8220;off|off|on&#8220; _builder_version=&#8220;4.5.4&#8243; _module_preset=&#8220;default&#8220; width=&#8220;75%&#8220; width_tablet=&#8220;40%&#8220; width_phone=&#8220;56%&#8220; width_last_edited=&#8220;on|phone&#8220; [&hellip;]\" \/>\n<meta property=\"og:url\" content=\"https:\/\/mckunterbunt.at\/index.php\/ausdruckstanz-middle-eastern-woman-dance\/\" \/>\n<meta property=\"og:site_name\" content=\"Mc Kunterbunt\" \/>\n<meta property=\"article:modified_time\" content=\"2020-08-26T10:37:38+00:00\" \/>\n<meta name=\"twitter:card\" content=\"summary_large_image\" \/>\n<meta name=\"twitter:label1\" content=\"Gesch\u00e4tzte Lesezeit\">\n\t<meta name=\"twitter:data1\" content=\"5\u00a0Minuten\">\n<script type=\"application\/ld+json\" class=\"yoast-schema-graph\">{\"@context\":\"https:\/\/schema.org\",\"@graph\":[{\"@type\":\"WebSite\",\"@id\":\"https:\/\/mckunterbunt.at\/#website\",\"url\":\"https:\/\/mckunterbunt.at\/\",\"name\":\"Mc Kunterbunt\",\"description\":\"F\\u00fcr Leser die das besondere lieben\",\"potentialAction\":[{\"@type\":\"SearchAction\",\"target\":\"https:\/\/mckunterbunt.at\/?s={search_term_string}\",\"query-input\":\"required name=search_term_string\"}],\"inLanguage\":\"de\"},{\"@type\":\"WebPage\",\"@id\":\"https:\/\/mckunterbunt.at\/index.php\/ausdruckstanz-middle-eastern-woman-dance\/#webpage\",\"url\":\"https:\/\/mckunterbunt.at\/index.php\/ausdruckstanz-middle-eastern-woman-dance\/\",\"name\":\"Ausdruckstanz MIDDLE EASTERN WOMAN DANCE - Mc Kunterbunt\",\"isPartOf\":{\"@id\":\"https:\/\/mckunterbunt.at\/#website\"},\"datePublished\":\"2020-08-26T10:22:01+00:00\",\"dateModified\":\"2020-08-26T10:37:38+00:00\",\"breadcrumb\":{\"@id\":\"https:\/\/mckunterbunt.at\/index.php\/ausdruckstanz-middle-eastern-woman-dance\/#breadcrumb\"},\"inLanguage\":\"de\",\"potentialAction\":[{\"@type\":\"ReadAction\",\"target\":[\"https:\/\/mckunterbunt.at\/index.php\/ausdruckstanz-middle-eastern-woman-dance\/\"]}]},{\"@type\":\"BreadcrumbList\",\"@id\":\"https:\/\/mckunterbunt.at\/index.php\/ausdruckstanz-middle-eastern-woman-dance\/#breadcrumb\",\"itemListElement\":[{\"@type\":\"ListItem\",\"position\":1,\"item\":{\"@type\":\"WebPage\",\"@id\":\"https:\/\/mckunterbunt.at\/\",\"url\":\"https:\/\/mckunterbunt.at\/\",\"name\":\"Startseite\"}},{\"@type\":\"ListItem\",\"position\":2,\"item\":{\"@type\":\"WebPage\",\"@id\":\"https:\/\/mckunterbunt.at\/index.php\/ausdruckstanz-middle-eastern-woman-dance\/\",\"url\":\"https:\/\/mckunterbunt.at\/index.php\/ausdruckstanz-middle-eastern-woman-dance\/\",\"name\":\"Ausdruckstanz MIDDLE EASTERN WOMAN DANCE\"}}]}]}<\/script>\n<!-- \/ Yoast SEO plugin. -->","_links":{"self":[{"href":"https:\/\/mckunterbunt.at\/index.php\/wp-json\/wp\/v2\/pages\/308"}],"collection":[{"href":"https:\/\/mckunterbunt.at\/index.php\/wp-json\/wp\/v2\/pages"}],"about":[{"href":"https:\/\/mckunterbunt.at\/index.php\/wp-json\/wp\/v2\/types\/page"}],"author":[{"embeddable":true,"href":"https:\/\/mckunterbunt.at\/index.php\/wp-json\/wp\/v2\/users\/1"}],"replies":[{"embeddable":true,"href":"https:\/\/mckunterbunt.at\/index.php\/wp-json\/wp\/v2\/comments?post=308"}],"version-history":[{"count":4,"href":"https:\/\/mckunterbunt.at\/index.php\/wp-json\/wp\/v2\/pages\/308\/revisions"}],"predecessor-version":[{"id":318,"href":"https:\/\/mckunterbunt.at\/index.php\/wp-json\/wp\/v2\/pages\/308\/revisions\/318"}],"wp:attachment":[{"href":"https:\/\/mckunterbunt.at\/index.php\/wp-json\/wp\/v2\/media?parent=308"}],"curies":[{"name":"wp","href":"https:\/\/api.w.org\/{rel}","templated":true}]}}